{"id":3253,"date":"2024-12-19T12:23:18","date_gmt":"2024-12-19T11:23:18","guid":{"rendered":"https:\/\/cartraveldocs.com\/?page_id=3253"},"modified":"2026-01-14T13:18:16","modified_gmt":"2026-01-14T12:18:16","slug":"wichtige-gegenstaende-auto","status":"publish","type":"page","link":"https:\/\/cartraveldocs.com\/de\/essential-items-driving-car\/","title":{"rendered":"Wichtige Gegenst\u00e4nde, die Sie in Ihrem Auto haben m\u00fcssen"},"content":{"rendered":"<p>Reisen mit dem Auto ist eine der bequemsten M\u00f6glichkeiten, neue Ziele zu erkunden und bietet Flexibilit\u00e4t und Freiheit. Jedes Land hat jedoch seine eigenen Vorschriften dar\u00fcber, welche Sicherheits- und Notfallausr\u00fcstung in Fahrzeugen mitgef\u00fchrt werden muss. Diese Vorschriften zu kennen und einzuhalten, ist nicht nur eine Frage der Gesetzeskonformit\u00e4t, sondern auch wichtig f\u00fcr Ihre Sicherheit und Ihren Seelenfrieden.<\/p>\n\n\n\n<p class=\"translation-block\">Wenn Sie die Europ\u00e4ischen Unfallberichte im PDF-Format suchen, klicken Sie bitte <a href=\"https:\/\/cartraveldocs.com\/de\/\" target=\"_self\">hier<\/a>, scrollen Sie nach unten, bis Sie die Links f\u00fcr die einzelnen Sprachen sehen.<\/p>\n\n\n<style>.kadence-column3253_7448dd-af > .kt-inside-inner-col,.kadence-column3253_7448dd-af > .kt-inside-inner-col:before{border-top-left-radius:0px;border-top-right-radius:0px;border-bottom-right-radius:0px;border-bottom-left-radius:0px;}.kadence-column3253_7448dd-af > .kt-inside-inner-col{column-gap:var(--global-kb-gap-sm, 1rem);}.kadence-column3253_7448dd-af > .kt-inside-inner-col{flex-direction:column;}.kadence-column3253_7448dd-af > .kt-inside-inner-col > .aligncenter{width:100%;}.kadence-column3253_7448dd-af > .kt-inside-inner-col:before{opacity:0.3;}.kadence-column3253_7448dd-af{position:relative;}@media all and (max-width: 1024px){.kadence-column3253_7448dd-af > .kt-inside-inner-col{flex-direction:column;justify-content:center;}}@media all and (max-width: 767px){.kadence-column3253_7448dd-af > .kt-inside-inner-col{flex-direction:column;justify-content:center;}}<\/style>\n<div class=\"wp-block-kadence-column kadence-column3253_7448dd-af\"><div class=\"kt-inside-inner-col\">\n<!-- WP QUADS v. 3.0.1  Shortcode Ad -->\n<div class=\"quads-location quads-ad3535\" id=\"quads-ad3535\" style=\"float:none;margin:0px;\">\n\n <!-- WP QUADS - Quick AdSense Reloaded v.3.0.1 Content AdSense async --> \n\n<div id=\"quads-ad15-place\" class=\"quads-ll\">\r\n            <ins \r\n                 style=\"display:block; text-align:center;\"\r\n                         data-ad-layout=\"in-article\"\r\n                         data-ad-format=\"fluid\"\r\n                 data-ad-client=\"pub-6293121868082990\"\r\n                 data-ad-slot=\"8210270346\"><span><\/span><\/ins><\/div>\r\n                 <script>\r\n                 instant= new adsenseLoader( '#quads-ad15-place', {\r\n        onLoad: function( ad ){\r\n            if (ad.classList.contains(\"quads-ll\")) {\r\n                ad.classList.remove(\"quads-ll\");\r\n            }\r\n          }   \r\n        });<\/script>\n <!-- end WP QUADS --> \n\n<\/div>\n\n<\/div><\/div>\n\n\n\n<h2 class=\"wp-block-heading\">Sicherheit geht vor<\/h2>\n\n\n\n<p class=\"translation-block\">Wenn Sie die erforderlichen Utensilien bei sich haben, sind Sie f\u00fcr Notf\u00e4lle wie Pannen oder Unf\u00e4lle gewappnet. Artikel wie <a class=\"thirstylink\" rel=\"nofollow\" target=\"_blank\" title=\"Erste Hilfe Kasten\" href=\"https:\/\/amzn.to\/4iP7u48\" data-linkid=\"4201\">Verbandsk\u00e4sten<\/a>, <a class=\"thirstylink\" rel=\"nofollow\" target=\"_blank\" title=\"Warndreieck\" href=\"https:\/\/amzn.to\/4jG7BjL\" data-linkid=\"4202\">Warndreiecke<\/a> und <a class=\"thirstylink\" rel=\"nofollow\" target=\"_blank\" title=\"Warnweste\" href=\"https:\/\/amzn.to\/44mi1jX\" data-linkid=\"4203\">Warnwesten<\/a> k\u00f6nnen einen entscheidenden Beitrag zu Ihrer Sicherheit und der anderer Verkehrsteilnehmer leisten. Diese Vorschriften sind oft auf die besonderen Bedingungen in den einzelnen L\u00e4ndern zugeschnitten, wie z. B. raues Wetter, bergiges Gel\u00e4nde oder starker Verkehr.<\/p>\n\n\n\n<h2 class=\"wp-block-heading\">Vermeiden Sie rechtliche Sanktionen<\/h2>\n\n\n\n<p class=\"translation-block\">Die Nichteinhaltung der \u00f6rtlichen Vorschriften kann zu Geldstrafen oder anderen rechtlichen Konsequenzen f\u00fchren. In einigen L\u00e4ndern ist es zum Beispiel vorgeschrieben, bestimmte Gegenst\u00e4nde wie Ersatzgl\u00fchbirnen, <a class=\"thirstylink\" rel=\"nofollow\" target=\"_blank\" title=\"Feuerl\u00f6scher\" href=\"https:\/\/amzn.to\/433tnH5\" data-linkid=\"4199\">Feuerl\u00f6scher<\/a>, oder sogar <a class=\"thirstylink\" rel=\"nofollow\" target=\"_blank\" title=\"Alkoholtester\" href=\"https:\/\/amzn.to\/4iQv2Wm\" data-linkid=\"4200\">Atemtester<\/a>. Wenn Sie diese Anforderungen im Voraus kennen, k\u00f6nnen Sie sich unn\u00f6tigen \u00c4rger w\u00e4hrend Ihrer Reise ersparen.<\/p>\n\n\n\n<h2 class=\"wp-block-heading\">Reibungslose und angenehme Reisen<\/h2>\n\n\n\n<p>Eine gute Vorbereitung hilft Ihnen nicht nur dabei, die gesetzlichen Bestimmungen einzuhalten, sondern reduziert auch den Stress und erm\u00f6glicht es Ihnen, sich auf das Genie\u00dfen Ihrer Reise zu konzentrieren. Indem Sie Ihr Auto mit den notwendigen Gegenst\u00e4nden ausstatten, zeigen Sie Verantwortung und Respekt f\u00fcr die Regeln des Landes, das Sie besuchen.<\/p>\n\n\n\n<p class=\"has-text-align-left\">Als Amazon Associate verdiene ich an qualifizierten Eink\u00e4ufen.<\/p>\n\n\n<style>.kadence-column3253_23861e-60 > .kt-inside-inner-col,.kadence-column3253_23861e-60 > .kt-inside-inner-col:before{border-top-left-radius:0px;border-top-right-radius:0px;border-bottom-right-radius:0px;border-bottom-left-radius:0px;}.kadence-column3253_23861e-60 > .kt-inside-inner-col{column-gap:var(--global-kb-gap-sm, 1rem);}.kadence-column3253_23861e-60 > .kt-inside-inner-col{flex-direction:column;}.kadence-column3253_23861e-60 > .kt-inside-inner-col > .aligncenter{width:100%;}.kadence-column3253_23861e-60 > .kt-inside-inner-col:before{opacity:0.3;}.kadence-column3253_23861e-60{position:relative;}@media all and (max-width: 1024px){.kadence-column3253_23861e-60 > .kt-inside-inner-col{flex-direction:column;justify-content:center;}}@media all and (max-width: 767px){.kadence-column3253_23861e-60 > .kt-inside-inner-col{flex-direction:column;justify-content:center;}}<\/style>\n<div class=\"wp-block-kadence-column kadence-column3253_23861e-60\"><div class=\"kt-inside-inner-col\">\n<!-- WP QUADS v. 3.0.1  Shortcode Ad -->\n<div class=\"quads-location quads-ad3613\" id=\"quads-ad3613\" style=\"float:none;margin:0px;\">\n\n <!-- WP QUADS - Quick AdSense Reloaded v.3.0.1 Content AdSense async --> \n\n<div id=\"quads-ad17-place\" class=\"quads-ll\">\r\n            <ins \r\n                  style=\"display:block;\"\r\n                          data-ad-format=\"auto\"\r\n                 data-ad-client=\"pub-6293121868082990\"\r\n                 data-ad-slot=\"5322676929\"><span><\/span><\/ins><\/div>\r\n                 <script>\r\n                 instant= new adsenseLoader( '#quads-ad17-place', {\r\n        onLoad: function( ad ){\r\n            if (ad.classList.contains(\"quads-ll\")) {\r\n                ad.classList.remove(\"quads-ll\");\r\n            }\r\n          }   \r\n        });<\/script>\n <!-- end WP QUADS --> \n\n<\/div>\n\n<\/div><\/div>\n\n\n\n<h2 class=\"wp-block-heading\">Erfahren Sie mehr \u00fcber l\u00e4nderspezifische Anforderungen<\/h2>\n\n\n\n<p>Jedes Land hat seine eigene Liste mit erforderlichen Gegenst\u00e4nden f\u00fcr Fahrzeuge, und es ist wichtig, sich dar\u00fcber zu informieren. Damit Sie sich in diesen Vorschriften zurechtfinden, haben wir einen umfassenden Leitfaden mit Links zu detaillierten Beschreibungen der erforderlichen Gegenst\u00e4nde f\u00fcr jedes Land zusammengestellt. Klicken Sie einfach auf den entsprechenden Link unten, um die Informationen zu finden, die Sie f\u00fcr Ihr Reiseziel ben\u00f6tigen.<\/p>\n\n\n\n<div class=\"wp-block-columns is-layout-flex wp-container-core-columns-is-layout-9d6595d7 wp-block-columns-is-layout-flex\">\n<div class=\"wp-block-column is-layout-flow wp-block-column-is-layout-flow\">\n<ul class=\"wp-block-list\">\n<li><a href=\"https:\/\/cartraveldocs.com\/de\/wichtige-gegenstaende-fahren-oesterreich\/\">\u00d6sterreich<\/a><\/li>\n\n\n\n<li><a href=\"https:\/\/cartraveldocs.com\/de\/wichtige-gegenstaende-fahren-kroatien\/\">Kroatien<\/a><\/li>\n\n\n\n<li><a href=\"https:\/\/cartraveldocs.com\/de\/essential-items-you-must-have-for-driving-in-czech-republic\/\">Tschechische Republik<\/a><\/li>\n\n\n\n<li><a href=\"https:\/\/cartraveldocs.com\/de\/wichtige-gegenstaende-fahren-frankreich\/\">Frankreich<\/a><\/li>\n\n\n\n<li><a href=\"https:\/\/cartraveldocs.com\/de\/wichtige-gegenstaende-fahren-deutschland\/\">Deutschland<\/a><\/li>\n\n\n\n<li><a href=\"https:\/\/cartraveldocs.com\/de\/wichtige-gegenstaende-fahren-italien\/\">Italien<\/a><\/li>\n<\/ul>\n<\/div>\n\n\n\n<div class=\"wp-block-column is-layout-flow wp-block-column-is-layout-flow\">\n<ul class=\"wp-block-list\">\n<li><a href=\"https:\/\/cartraveldocs.com\/de\/wichtige-gegenstaende-fahren-niederlande\/\">Niederlande<\/a><\/li>\n\n\n\n<li><a href=\"https:\/\/cartraveldocs.com\/de\/wichtige-gegenstaende-fahren-polen\/\">Polen<\/a><\/li>\n\n\n\n<li><a href=\"https:\/\/cartraveldocs.com\/de\/wichtige-gegenstaende-fahren-portugal\/\">Portugal<\/a><\/li>\n\n\n\n<li><a href=\"https:\/\/cartraveldocs.com\/de\/wichtige-gegenstaende-fahren-spanien\/\">Spanien<\/a><\/li>\n\n\n\n<li><a href=\"https:\/\/cartraveldocs.com\/de\/essential-items-driving-united-kingdom\/\">Vereinigtes K\u00f6nigreich<\/a><\/li>\n<\/ul>\n<\/div>\n<\/div>","protected":false},"excerpt":{"rendered":"<p>Traveling by car is one of the most convenient ways to explore new destinations, offering flexibility and freedom. However, each country has its own regulations regarding what safety and emergency items must be carried in vehicles. Being aware of these requirements and adhering to them is not just a matter of legal compliance; it\u2019s also [&hellip;]<\/p>\n","protected":false},"author":2,"featured_media":0,"parent":0,"menu_order":0,"comment_status":"closed","ping_status":"closed","template":"","meta":{"footnotes":""},"class_list":["post-3253","page","type-page","status-publish","hentry"],"yoast_head":"<!-- This site is optimized with the Yoast SEO plugin v27.2 - https:\/\/yoast.com\/product\/yoast-seo-wordpress\/ -->\n<title>Essential items you must have in your car | Car Travel Docs<\/title>\n<meta name=\"description\" content=\"Providing information about what is mandatory and optional to have in your car while driving in European countries.\" \/>\n<meta name=\"robots\" content=\"index, follow, max-snippet:-1, max-image-preview:large, max-video-preview:-1\" \/>\n<link rel=\"canonical\" href=\"https:\/\/cartraveldocs.com\/de\/wichtige-gegenstaende-auto\/\" \/>\n<meta property=\"og:locale\" content=\"de_DE\" \/>\n<meta property=\"og:type\" content=\"article\" \/>\n<meta property=\"og:title\" content=\"Essential items you must have in your car | Car Travel Docs\" \/>\n<meta property=\"og:description\" content=\"Providing information about what is mandatory and optional to have in your car while driving in European countries.\" \/>\n<meta property=\"og:url\" content=\"https:\/\/cartraveldocs.com\/de\/wichtige-gegenstaende-auto\/\" \/>\n<meta property=\"og:site_name\" content=\"Car Travel Docs\" \/>\n<meta property=\"article:modified_time\" content=\"2026-01-14T12:18:16+00:00\" \/>\n<meta name=\"twitter:label1\" content=\"Gesch\u00e4tzte Lesezeit\" \/>\n\t<meta name=\"twitter:data1\" content=\"2\u00a0Minuten\" \/>\n<script type=\"application\/ld+json\" class=\"yoast-schema-graph\">{\"@context\":\"https:\/\/schema.org\",\"@graph\":[{\"@type\":\"WebPage\",\"@id\":\"https:\/\/cartraveldocs.com\/essential-items-driving-car\/\",\"url\":\"https:\/\/cartraveldocs.com\/essential-items-driving-car\/\",\"name\":\"Essential items you must have in your car | Car Travel Docs\",\"isPartOf\":{\"@id\":\"https:\/\/cartraveldocs.com\/#website\"},\"datePublished\":\"2024-12-19T11:23:18+00:00\",\"dateModified\":\"2026-01-14T12:18:16+00:00\",\"description\":\"Providing information about what is mandatory and optional to have in your car while driving in European countries.\",\"breadcrumb\":{\"@id\":\"https:\/\/cartraveldocs.com\/essential-items-driving-car\/#breadcrumb\"},\"inLanguage\":\"de\",\"potentialAction\":[{\"@type\":\"ReadAction\",\"target\":[\"https:\/\/cartraveldocs.com\/essential-items-driving-car\/\"]}]},{\"@type\":\"BreadcrumbList\",\"@id\":\"https:\/\/cartraveldocs.com\/essential-items-driving-car\/#breadcrumb\",\"itemListElement\":[{\"@type\":\"ListItem\",\"position\":1,\"name\":\"Home\",\"item\":\"https:\/\/cartraveldocs.com\/\"},{\"@type\":\"ListItem\",\"position\":2,\"name\":\"Essential items you must have in your car\"}]},{\"@type\":\"WebSite\",\"@id\":\"https:\/\/cartraveldocs.com\/#website\",\"url\":\"https:\/\/cartraveldocs.com\/\",\"name\":\"Car Travel Docs\",\"description\":\"Official European Accident Statement forms\",\"publisher\":{\"@id\":\"https:\/\/cartraveldocs.com\/#organization\"},\"potentialAction\":[{\"@type\":\"SearchAction\",\"target\":{\"@type\":\"EntryPoint\",\"urlTemplate\":\"https:\/\/cartraveldocs.com\/?s={search_term_string}\"},\"query-input\":{\"@type\":\"PropertyValueSpecification\",\"valueRequired\":true,\"valueName\":\"search_term_string\"}}],\"inLanguage\":\"de\"},{\"@type\":\"Organization\",\"@id\":\"https:\/\/cartraveldocs.com\/#organization\",\"name\":\"Car Travel Docs\",\"url\":\"https:\/\/cartraveldocs.com\/\",\"logo\":{\"@type\":\"ImageObject\",\"inLanguage\":\"de\",\"@id\":\"https:\/\/cartraveldocs.com\/#\/schema\/logo\/image\/\",\"url\":\"https:\/\/cartraveldocs.com\/wp-content\/uploads\/2024\/02\/cartraveldocs-logo-512x512-1.png\",\"contentUrl\":\"https:\/\/cartraveldocs.com\/wp-content\/uploads\/2024\/02\/cartraveldocs-logo-512x512-1.png\",\"width\":512,\"height\":512,\"caption\":\"Car Travel Docs\"},\"image\":{\"@id\":\"https:\/\/cartraveldocs.com\/#\/schema\/logo\/image\/\"}}]}<\/script>\n<!-- \/ Yoast SEO plugin. -->","yoast_head_json":{"title":"Unverzichtbare Dinge, die Sie in Ihrem Auto haben m\u00fcssen | Car Travel Docs","description":"Informationen \u00fcber obligatorische und fakultative Mitnahmem\u00f6glichkeiten f\u00fcr das Autofahren in europ\u00e4ischen L\u00e4ndern.","robots":{"index":"index","follow":"follow","max-snippet":"max-snippet:-1","max-image-preview":"max-image-preview:large","max-video-preview":"max-video-preview:-1"},"canonical":"https:\/\/cartraveldocs.com\/de\/wichtige-gegenstaende-auto\/","og_locale":"de_DE","og_type":"article","og_title":"Essential items you must have in your car | Car Travel Docs","og_description":"Providing information about what is mandatory and optional to have in your car while driving in European countries.","og_url":"https:\/\/cartraveldocs.com\/de\/wichtige-gegenstaende-auto\/","og_site_name":"Car Travel Docs","article_modified_time":"2026-01-14T12:18:16+00:00","twitter_misc":{"Gesch\u00e4tzte Lesezeit":"2\u00a0Minuten"},"schema":{"@context":"https:\/\/schema.org","@graph":[{"@type":"WebPage","@id":"https:\/\/cartraveldocs.com\/essential-items-driving-car\/","url":"https:\/\/cartraveldocs.com\/essential-items-driving-car\/","name":"Unverzichtbare Dinge, die Sie in Ihrem Auto haben m\u00fcssen | Car Travel Docs","isPartOf":{"@id":"https:\/\/cartraveldocs.com\/#website"},"datePublished":"2024-12-19T11:23:18+00:00","dateModified":"2026-01-14T12:18:16+00:00","description":"Informationen \u00fcber obligatorische und fakultative Mitnahmem\u00f6glichkeiten f\u00fcr das Autofahren in europ\u00e4ischen L\u00e4ndern.","breadcrumb":{"@id":"https:\/\/cartraveldocs.com\/essential-items-driving-car\/#breadcrumb"},"inLanguage":"de","potentialAction":[{"@type":"ReadAction","target":["https:\/\/cartraveldocs.com\/essential-items-driving-car\/"]}]},{"@type":"BreadcrumbList","@id":"https:\/\/cartraveldocs.com\/essential-items-driving-car\/#breadcrumb","itemListElement":[{"@type":"ListItem","position":1,"name":"Home","item":"https:\/\/cartraveldocs.com\/"},{"@type":"ListItem","position":2,"name":"Essential items you must have in your car"}]},{"@type":"WebSite","@id":"https:\/\/cartraveldocs.com\/#website","url":"https:\/\/cartraveldocs.com\/","name":"Car Travel Docs","description":"Offizielle europ\u00e4ische Unfallanzeigeformulare","publisher":{"@id":"https:\/\/cartraveldocs.com\/#organization"},"potentialAction":[{"@type":"SearchAction","target":{"@type":"EntryPoint","urlTemplate":"https:\/\/cartraveldocs.com\/?s={search_term_string}"},"query-input":{"@type":"PropertyValueSpecification","valueRequired":true,"valueName":"search_term_string"}}],"inLanguage":"de"},{"@type":"Organization","@id":"https:\/\/cartraveldocs.com\/#organization","name":"Car Travel Docs","url":"https:\/\/cartraveldocs.com\/","logo":{"@type":"ImageObject","inLanguage":"de","@id":"https:\/\/cartraveldocs.com\/#\/schema\/logo\/image\/","url":"https:\/\/cartraveldocs.com\/wp-content\/uploads\/2024\/02\/cartraveldocs-logo-512x512-1.png","contentUrl":"https:\/\/cartraveldocs.com\/wp-content\/uploads\/2024\/02\/cartraveldocs-logo-512x512-1.png","width":512,"height":512,"caption":"Car Travel Docs"},"image":{"@id":"https:\/\/cartraveldocs.com\/#\/schema\/logo\/image\/"}}]}},"_links":{"self":[{"href":"https:\/\/cartraveldocs.com\/de\/wp-json\/wp\/v2\/pages\/3253","targetHints":{"allow":["GET"]}}],"collection":[{"href":"https:\/\/cartraveldocs.com\/de\/wp-json\/wp\/v2\/pages"}],"about":[{"href":"https:\/\/cartraveldocs.com\/de\/wp-json\/wp\/v2\/types\/page"}],"author":[{"embeddable":true,"href":"https:\/\/cartraveldocs.com\/de\/wp-json\/wp\/v2\/users\/2"}],"replies":[{"embeddable":true,"href":"https:\/\/cartraveldocs.com\/de\/wp-json\/wp\/v2\/comments?post=3253"}],"version-history":[{"count":0,"href":"https:\/\/cartraveldocs.com\/de\/wp-json\/wp\/v2\/pages\/3253\/revisions"}],"wp:attachment":[{"href":"https:\/\/cartraveldocs.com\/de\/wp-json\/wp\/v2\/media?parent=3253"}],"curies":[{"name":"wp","href":"https:\/\/api.w.org\/{rel}","templated":true}]}}