{"id":3282,"date":"2024-12-19T15:32:32","date_gmt":"2024-12-19T14:32:32","guid":{"rendered":"https:\/\/cartraveldocs.com\/?page_id=3282"},"modified":"2026-01-11T09:14:50","modified_gmt":"2026-01-11T08:14:50","slug":"essential-items-driving-england","status":"publish","type":"page","link":"https:\/\/cartraveldocs.com\/de\/essential-items-driving-england\/","title":{"rendered":"Wichtige Gegenst\u00e4nde, die Sie zum Fahren in England haben m\u00fcssen"},"content":{"rendered":"<p>Hier finden Sie eine detaillierte Auflistung der obligatorischen und fakultativen Dinge, die Sie beim Autofahren in England dabei haben m\u00fcssen.<\/p>\n\n\n\n<div class=\"wp-block-group\"><div class=\"wp-block-group__inner-container is-layout-constrained wp-block-group-is-layout-constrained\">\n<!-- WP QUADS v. 3.0.1  Shortcode Ad -->\n<div class=\"quads-location quads-ad3535\" id=\"quads-ad3535\" style=\"float:none;margin:0px;\">\n\n <!-- WP QUADS - Quick AdSense Reloaded v.3.0.1 Content AdSense async --> \n\n<div id=\"quads-ad15-place\" class=\"quads-ll\">\r\n            <ins \r\n                 style=\"display:block; text-align:center;\"\r\n                         data-ad-layout=\"in-article\"\r\n                         data-ad-format=\"fluid\"\r\n                 data-ad-client=\"pub-6293121868082990\"\r\n                 data-ad-slot=\"8210270346\"><span><\/span><\/ins><\/div>\r\n                 <script>\r\n                 instant= new adsenseLoader( '#quads-ad15-place', {\r\n        onLoad: function( ad ){\r\n            if (ad.classList.contains(\"quads-ll\")) {\r\n                ad.classList.remove(\"quads-ll\");\r\n            }\r\n          }   \r\n        });<\/script>\n <!-- end WP QUADS --> \n\n<\/div>\n\n<\/div><\/div>\n\n\n\n<h3 class=\"wp-block-heading\">Obligatorische Gegenst\u00e4nde<\/h3>\n\n\n\n<div class=\"wp-block-columns is-layout-flex wp-container-core-columns-is-layout-9d6595d7 wp-block-columns-is-layout-flex\">\n<div class=\"wp-block-column is-layout-flow wp-block-column-is-layout-flow\" style=\"flex-basis:20%\">\n<div class=\"wp-block-group\"><div class=\"wp-block-group__inner-container is-layout-constrained wp-block-group-is-layout-constrained\">\n<figure class=\"wp-block-image size-full\"><img loading=\"lazy\" decoding=\"async\" width=\"512\" height=\"512\" src=\"https:\/\/cartraveldocs.com\/wp-content\/uploads\/2025\/01\/seat-belt.png\" alt=\"\" class=\"wp-image-3671\" srcset=\"https:\/\/cartraveldocs.com\/wp-content\/uploads\/2025\/01\/seat-belt.png 512w, https:\/\/cartraveldocs.com\/wp-content\/uploads\/2025\/01\/seat-belt-300x300.png 300w, https:\/\/cartraveldocs.com\/wp-content\/uploads\/2025\/01\/seat-belt-100x100.png 100w, https:\/\/cartraveldocs.com\/wp-content\/uploads\/2025\/01\/seat-belt-12x12.png 12w\" sizes=\"auto, (max-width: 512px) 100vw, 512px\" \/><\/figure>\n<\/div><\/div>\n<\/div>\n\n\n\n<div class=\"wp-block-column is-layout-flow wp-block-column-is-layout-flow\" style=\"flex-basis:66.66%\">\n<div class=\"wp-block-group\"><div class=\"wp-block-group__inner-container is-layout-constrained wp-block-group-is-layout-constrained\">\n<p class=\"has-text-align-left\">Diese Gegenst\u00e4nde sind f\u00fcr das F\u00fchren von Kraftfahrzeugen in England gesetzlich vorgeschrieben:<\/p>\n\n\n\n<ul class=\"wp-block-list\">\n<li><strong>Sicherheitsgurte:<\/strong> Funktionsf\u00e4hige Sicherheitsgurte sind f\u00fcr alle Fahrzeuginsassen erforderlich.<\/li>\n\n\n\n<li class=\"translation-block\"><strong>G\u00fcltiger F\u00fchrerschein:<\/strong> Sie m\u00fcssen jederzeit einen g\u00fcltigen F\u00fchrerschein mit sich f\u00fchren.<\/li>\n\n\n\n<li><strong>Dokumente f\u00fcr die Fahrzeugzulassung:<\/strong> Der Nachweis \u00fcber die Zulassung Ihres Fahrzeugs (Fahrtenbuch V5C) muss im Fahrzeug mitgef\u00fchrt werden.<\/li>\n\n\n\n<li><strong>Versicherungsschein:<\/strong> Sie m\u00fcssen den Nachweis einer g\u00fcltigen Kfz-Versicherung erbringen.<\/li>\n\n\n\n<li><strong>MOT-Zertifikat:<\/strong> Falls zutreffend, muss Ihr Auto eine g\u00fcltige T\u00dcV-Bescheinigung (Verkehrsministerium) haben, um f\u00fcr den Stra\u00dfenverkehr zugelassen zu sein.<\/li>\n\n\n\n<li><strong>Nummernschilder:<\/strong> Ihr Fahrzeug muss g\u00fcltige und korrekt angebrachte Nummernschilder haben.<\/li>\n\n\n\n<li><strong>Kfz-Steuer:<\/strong> Vergewissern Sie sich, dass Ihr Fahrzeug besteuert ist und alle gesetzlichen Vorschriften f\u00fcr die Stra\u00dfennutzung erf\u00fcllt.<\/li>\n<\/ul>\n<\/div><\/div>\n<\/div>\n<\/div>\n\n\n\n<div class=\"wp-block-group\"><div class=\"wp-block-group__inner-container is-layout-constrained wp-block-group-is-layout-constrained\">\n<!-- WP QUADS v. 3.0.1  Shortcode Ad -->\n<div class=\"quads-location quads-ad3613\" id=\"quads-ad3613\" style=\"float:none;margin:0px;\">\n\n <!-- WP QUADS - Quick AdSense Reloaded v.3.0.1 Content AdSense async --> \n\n<div id=\"quads-ad17-place\" class=\"quads-ll\">\r\n            <ins \r\n                  style=\"display:block;\"\r\n                          data-ad-format=\"auto\"\r\n                 data-ad-client=\"pub-6293121868082990\"\r\n                 data-ad-slot=\"5322676929\"><span><\/span><\/ins><\/div>\r\n                 <script>\r\n                 instant= new adsenseLoader( '#quads-ad17-place', {\r\n        onLoad: function( ad ){\r\n            if (ad.classList.contains(\"quads-ll\")) {\r\n                ad.classList.remove(\"quads-ll\");\r\n            }\r\n          }   \r\n        });<\/script>\n <!-- end WP QUADS --> \n\n<\/div>\n\n<\/div><\/div>\n\n\n\n<h3 class=\"wp-block-heading\">Optionale, aber empfohlene Gegenst\u00e4nde<\/h3>\n\n\n\n<div class=\"wp-block-columns is-layout-flex wp-container-core-columns-is-layout-9d6595d7 wp-block-columns-is-layout-flex\">\n<div class=\"wp-block-column is-layout-flow wp-block-column-is-layout-flow\" style=\"flex-basis:20%\">\n<div class=\"wp-block-group\"><div class=\"wp-block-group__inner-container is-layout-constrained wp-block-group-is-layout-constrained\">\n<figure class=\"wp-block-image size-full\"><img loading=\"lazy\" decoding=\"async\" width=\"512\" height=\"512\" src=\"https:\/\/cartraveldocs.com\/wp-content\/uploads\/2025\/01\/safety-vest-orange.png\" alt=\"\" class=\"wp-image-3637\" srcset=\"https:\/\/cartraveldocs.com\/wp-content\/uploads\/2025\/01\/safety-vest-orange.png 512w, https:\/\/cartraveldocs.com\/wp-content\/uploads\/2025\/01\/safety-vest-orange-300x300.png 300w, https:\/\/cartraveldocs.com\/wp-content\/uploads\/2025\/01\/safety-vest-orange-100x100.png 100w, https:\/\/cartraveldocs.com\/wp-content\/uploads\/2025\/01\/safety-vest-orange-12x12.png 12w\" sizes=\"auto, (max-width: 512px) 100vw, 512px\" \/><\/figure>\n<\/div><\/div>\n<\/div>\n\n\n\n<div class=\"wp-block-column is-layout-flow wp-block-column-is-layout-flow\">\n<div class=\"wp-block-group\"><div class=\"wp-block-group__inner-container is-layout-constrained wp-block-group-is-layout-constrained\">\n<p>Diese Gegenst\u00e4nde sind nicht gesetzlich vorgeschrieben, werden aber aus Sicherheits- und Komfortgr\u00fcnden dringend empfohlen:<\/p>\n\n\n\n<ul class=\"wp-block-list\">\n<li class=\"translation-block\"><strong>Reflektierende Weste:<\/strong> Eine <a class=\"thirstylink\" rel=\"nofollow\" target=\"_blank\" title=\"Reflektierende Weste\" href=\"https:\/\/amzn.to\/44mi1jX\" data-linkid=\"4203\">reflektierende Weste<\/a> dient dazu, die Sichtbarkeit zu gew\u00e4hrleisten, wenn Sie Ihr Auto auf einer belebten Stra\u00dfe verlassen m\u00fcssen.<\/li>\n\n\n\n<li class=\"translation-block\"><strong>European Accident Statement:<\/strong> Laden Sie <a href=\"https:\/\/cartraveldocs.com\/de\/europaischer-unfallbericht-englisch\/\" target=\"_self\">hier<\/a> die englische Version dieses Dokuments herunter.<\/li>\n\n\n\n<li class=\"translation-block\"><strong>Verbandskasten:<\/strong> Eine Grundausstattung an <a class=\"thirstylink\" rel=\"nofollow\" target=\"_blank\" title=\"Verbandskasten\" href=\"https:\/\/amzn.to\/4iP7u48\" data-linkid=\"4201\">Verbandskasten<\/a> kann bei kleineren Verletzungen oder Notf\u00e4llen hilfreich sein.<\/li>\n\n\n\n<li class=\"translation-block\"><strong>Warndreieck:<\/strong> In England ist ein <a class=\"thirstylink\" rel=\"nofollow\" target=\"_blank\" title=\"Warndreieck\" href=\"https:\/\/amzn.to\/4jG7BjL\" data-linkid=\"4202\">Warndreieck<\/a> zwar nicht vorgeschrieben, wird aber bei Pannen empfohlen.<\/li>\n\n\n\n<li><strong>Ersatzbirnen und Sicherungen:<\/strong> Das Mitf\u00fchren von Ersatzgl\u00fchbirnen und Sicherungen kann im Falle eines Lichtausfalls praktisch sein.<\/li>\n\n\n\n<li><strong>\u00dcberbr\u00fcckungskabel:<\/strong> Diese k\u00f6nnen Ihnen helfen, Ihr Fahrzeug wieder zu starten, wenn die Batterie leer ist.<\/li>\n\n\n\n<li><strong>Abschleppseil:<\/strong> N\u00fctzlich zum Abschleppen Ihres Autos oder zur Unterst\u00fctzung anderer bei Pannen.<\/li>\n\n\n\n<li class=\"translation-block\"><strong>Feuerl\u00f6scher:<\/strong> Das Mitf\u00fchren eines <a class=\"thirstylink\" rel=\"nofollow\" target=\"_blank\" title=\"Feuerl\u00f6scher\" href=\"https:\/\/amzn.to\/433tnH5\" data-linkid=\"4199\">Feuerl\u00f6schers<\/a> ist zwar nicht vorgeschrieben, aber empfehlenswert.<\/li>\n<\/ul>\n<\/div><\/div>\n<\/div>\n<\/div>\n\n\n\n<div class=\"wp-block-group\"><div class=\"wp-block-group__inner-container is-layout-constrained wp-block-group-is-layout-constrained\">\n<!-- WP QUADS v. 3.0.1  Shortcode Ad -->\n<div class=\"quads-location quads-ad3612\" id=\"quads-ad3612\" style=\"float:none;margin:0px;\">\n\n <!-- WP QUADS - Quick AdSense Reloaded v.3.0.1 Content AdSense async --> \n\n<div id=\"quads-ad16-place\" class=\"quads-ll\">\r\n            <ins \r\n                 style=\"display:block; text-align:center;\"\r\n                         data-ad-layout=\"in-article\"\r\n                         data-ad-format=\"fluid\"\r\n                 data-ad-client=\"pub-6293121868082990\"\r\n                 data-ad-slot=\"9383250208\"><span><\/span><\/ins><\/div>\r\n                 <script>\r\n                 instant= new adsenseLoader( '#quads-ad16-place', {\r\n        onLoad: function( ad ){\r\n            if (ad.classList.contains(\"quads-ll\")) {\r\n                ad.classList.remove(\"quads-ll\");\r\n            }\r\n          }   \r\n        });<\/script>\n <!-- end WP QUADS --> \n\n<\/div>\n\n<\/div><\/div>\n\n\n\n<h3 class=\"wp-block-heading\">Zus\u00e4tzliche Gegenst\u00e4nde<\/h3>\n\n\n\n<div class=\"wp-block-columns is-layout-flex wp-container-core-columns-is-layout-9d6595d7 wp-block-columns-is-layout-flex\">\n<div class=\"wp-block-column is-layout-flow wp-block-column-is-layout-flow\" style=\"flex-basis:20%\">\n<div class=\"wp-block-group\"><div class=\"wp-block-group__inner-container is-layout-constrained wp-block-group-is-layout-constrained\">\n<figure class=\"wp-block-image size-full\"><img loading=\"lazy\" decoding=\"async\" width=\"512\" height=\"512\" src=\"https:\/\/cartraveldocs.com\/wp-content\/uploads\/2025\/01\/flashlight.png\" alt=\"\" class=\"wp-image-3592\" srcset=\"https:\/\/cartraveldocs.com\/wp-content\/uploads\/2025\/01\/flashlight.png 512w, https:\/\/cartraveldocs.com\/wp-content\/uploads\/2025\/01\/flashlight-300x300.png 300w, https:\/\/cartraveldocs.com\/wp-content\/uploads\/2025\/01\/flashlight-100x100.png 100w, https:\/\/cartraveldocs.com\/wp-content\/uploads\/2025\/01\/flashlight-12x12.png 12w\" sizes=\"auto, (max-width: 512px) 100vw, 512px\" \/><\/figure>\n<\/div><\/div>\n<\/div>\n\n\n\n<div class=\"wp-block-column is-layout-flow wp-block-column-is-layout-flow\">\n<div class=\"wp-block-group\"><div class=\"wp-block-group__inner-container is-layout-constrained wp-block-group-is-layout-constrained\">\n<p>Diese Gegenst\u00e4nde sind nicht gesetzlich vorgeschrieben, k\u00f6nnen aber in bestimmten Situationen oder f\u00fcr zus\u00e4tzlichen Komfort hilfreich sein:<\/p>\n\n\n\n<ul class=\"wp-block-list\">\n<li><strong>Taschenlampe:<\/strong> Eine Taschenlampe kann bei n\u00e4chtlichen Pannen oder Notf\u00e4llen hilfreich sein.<\/li>\n\n\n\n<li><strong>Ladeger\u00e4t f\u00fcr Mobiltelefone:<\/strong> H\u00e4lt Ihr Handy f\u00fcr die Navigation oder in Notf\u00e4llen aufgeladen.<\/li>\n\n\n\n<li><strong>Wasser und Snacks:<\/strong> Wichtig bei langen Fahrten oder unerwarteten Versp\u00e4tungen.<\/li>\n\n\n\n<li><strong>Stra\u00dfenkarten oder Navigationsger\u00e4te:<\/strong> N\u00fctzlich in Gebieten mit schlechtem GPS-Signal oder als Backup.<\/li>\n\n\n\n<li><strong>Schneeketten oder Winterreifen:<\/strong> Wird nur selten ben\u00f6tigt, ist aber bei extremen Winterbedingungen oder in abgelegenen Gebieten n\u00fctzlich.<\/li>\n\n\n\n<li><strong>Sonnenschutz:<\/strong> Artikel wie Sonnenbrillen und Sonnenschutzmittel k\u00f6nnen den Komfort bei Sonnenschein verbessern.<\/li>\n<\/ul>\n<\/div><\/div>\n<\/div>\n<\/div>\n\n\n\n<h3 class=\"wp-block-heading\">Anforderungen in anderen L\u00e4ndern<\/h3>\n\n\n\n<p>Jedes Land hat seine eigene Liste mit erforderlichen Gegenst\u00e4nden f\u00fcr Fahrzeuge, und es ist wichtig, sich zu informieren. Klicken Sie einfach auf den entsprechenden Link unten, um die Informationen zu finden, die Sie f\u00fcr Ihr Reiseziel ben\u00f6tigen. Jede Seite bietet einen umfassenden Leitfaden mit detaillierten Beschreibungen der erforderlichen und optionalen Gegenst\u00e4nde f\u00fcr jedes Land.<\/p>\n\n\n\n<div class=\"wp-block-columns is-layout-flex wp-container-core-columns-is-layout-9d6595d7 wp-block-columns-is-layout-flex\">\n<div class=\"wp-block-column is-layout-flow wp-block-column-is-layout-flow\">\n<ul class=\"wp-block-list\">\n<li><a href=\"https:\/\/cartraveldocs.com\/de\/wichtige-gegenstaende-fahren-oesterreich\/\">\u00d6sterreich<\/a><\/li>\n\n\n\n<li><a href=\"https:\/\/cartraveldocs.com\/de\/wichtige-gegenstaende-fahren-kroatien\/\">Kroatien<\/a><\/li>\n\n\n\n<li><a href=\"https:\/\/cartraveldocs.com\/de\/essential-items-driving-england\/\">England<\/a><\/li>\n\n\n\n<li><a href=\"https:\/\/cartraveldocs.com\/de\/wichtige-gegenstaende-fahren-frankreich\/\">Frankreich<\/a><\/li>\n\n\n\n<li><a href=\"https:\/\/cartraveldocs.com\/de\/wichtige-gegenstaende-fahren-deutschland\/\">Deutschland<\/a><\/li>\n<\/ul>\n<\/div>\n\n\n\n<div class=\"wp-block-column is-layout-flow wp-block-column-is-layout-flow\">\n<ul class=\"wp-block-list\">\n<li><a href=\"https:\/\/cartraveldocs.com\/de\/wichtige-gegenstaende-fahren-italien\/\">Italien<\/a><\/li>\n\n\n\n<li><a href=\"https:\/\/cartraveldocs.com\/de\/wichtige-gegenstaende-fahren-niederlande\/\">Niederlande<\/a><\/li>\n\n\n\n<li><a href=\"https:\/\/cartraveldocs.com\/de\/wichtige-gegenstaende-fahren-polen\/\">Polen<\/a><\/li>\n\n\n\n<li><a href=\"https:\/\/cartraveldocs.com\/de\/wichtige-gegenstaende-fahren-portugal\/\">Portugal<\/a><\/li>\n\n\n\n<li><a href=\"https:\/\/cartraveldocs.com\/de\/wichtige-gegenstaende-fahren-spanien\/\">Spanien<\/a><\/li>\n<\/ul>\n<\/div>\n<\/div>\n\n\n\n<hr class=\"wp-block-separator has-alpha-channel-opacity\"\/>\n\n\n\n<h4 class=\"wp-block-heading\">Haftungsausschluss<\/h4>\n\n\n\n<p>Als Amazon Associate verdiene ich an qualifizierten Eink\u00e4ufen. Einige Links auf dieser Website sind Affiliate-Links. Wenn Sie \u00fcber diese Links etwas kaufen, erhalte ich m\u00f6glicherweise eine kleine Provision, ohne dass Ihnen dadurch zus\u00e4tzliche Kosten entstehen. Ich empfehle nur Produkte oder Dienstleistungen, von denen ich glaube, dass sie f\u00fcr Sie n\u00fctzlich sind.<\/p>\n\n\n\n<p>Die bereitgestellten Informationen dienen der allgemeinen Orientierung und k\u00f6nnen sich \u00e4ndern. \u00dcberpr\u00fcfen Sie die rechtlichen Anforderungen mit offiziellen Quellen vor der Reise. Car Travel Docs ist nicht verantwortlich f\u00fcr Ungenauigkeiten oder veraltete Informationen.<\/p>","protected":false},"excerpt":{"rendered":"<p>Here\u2019s a detailed breakdown of what is mandatory and optional to have in your car while driving in England. Mandatory items These items are legally required when driving in England: Optional but recommended items These items are not legally required but are highly recommended for safety and convenience: Additional items These items are not required [&hellip;]<\/p>\n","protected":false},"author":2,"featured_media":0,"parent":0,"menu_order":0,"comment_status":"closed","ping_status":"closed","template":"","meta":{"footnotes":""},"class_list":["post-3282","page","type-page","status-publish","hentry"],"yoast_head":"<!-- This site is optimized with the Yoast SEO plugin v27.2 - https:\/\/yoast.com\/product\/yoast-seo-wordpress\/ -->\n<title>Essential items you must have for driving in England | Car Travel Docs<\/title>\n<meta name=\"description\" content=\"Discover what is mandatory and optional to carry in your car while driving in England, ensuring safety and compliance on the road.\" \/>\n<meta name=\"robots\" content=\"index, follow, max-snippet:-1, max-image-preview:large, max-video-preview:-1\" \/>\n<link rel=\"canonical\" href=\"https:\/\/cartraveldocs.com\/de\/essential-items-driving-england\/\" \/>\n<meta property=\"og:locale\" content=\"de_DE\" \/>\n<meta property=\"og:type\" content=\"article\" \/>\n<meta property=\"og:title\" content=\"Essential items you must have for driving in England | Car Travel Docs\" \/>\n<meta property=\"og:description\" content=\"Discover what is mandatory and optional to carry in your car while driving in England, ensuring safety and compliance on the road.\" \/>\n<meta property=\"og:url\" content=\"https:\/\/cartraveldocs.com\/de\/essential-items-driving-england\/\" \/>\n<meta property=\"og:site_name\" content=\"Car Travel Docs\" \/>\n<meta property=\"article:modified_time\" content=\"2026-01-11T08:14:50+00:00\" \/>\n<meta property=\"og:image\" content=\"https:\/\/cartraveldocs.com\/wp-content\/uploads\/2025\/01\/seat-belt.png\" \/>\n\t<meta property=\"og:image:width\" content=\"512\" \/>\n\t<meta property=\"og:image:height\" content=\"512\" \/>\n\t<meta property=\"og:image:type\" content=\"image\/png\" \/>\n<meta name=\"twitter:label1\" content=\"Gesch\u00e4tzte Lesezeit\" \/>\n\t<meta name=\"twitter:data1\" content=\"3\u00a0Minuten\" \/>\n<script type=\"application\/ld+json\" class=\"yoast-schema-graph\">{\"@context\":\"https:\/\/schema.org\",\"@graph\":[{\"@type\":\"WebPage\",\"@id\":\"https:\/\/cartraveldocs.com\/essential-items-driving-england\/\",\"url\":\"https:\/\/cartraveldocs.com\/essential-items-driving-england\/\",\"name\":\"Essential items you must have for driving in England | Car Travel Docs\",\"isPartOf\":{\"@id\":\"https:\/\/cartraveldocs.com\/#website\"},\"primaryImageOfPage\":{\"@id\":\"https:\/\/cartraveldocs.com\/essential-items-driving-england\/#primaryimage\"},\"image\":{\"@id\":\"https:\/\/cartraveldocs.com\/essential-items-driving-england\/#primaryimage\"},\"thumbnailUrl\":\"https:\/\/cartraveldocs.com\/wp-content\/uploads\/2025\/01\/seat-belt.png\",\"datePublished\":\"2024-12-19T14:32:32+00:00\",\"dateModified\":\"2026-01-11T08:14:50+00:00\",\"description\":\"Discover what is mandatory and optional to carry in your car while driving in England, ensuring safety and compliance on the road.\",\"breadcrumb\":{\"@id\":\"https:\/\/cartraveldocs.com\/essential-items-driving-england\/#breadcrumb\"},\"inLanguage\":\"de\",\"potentialAction\":[{\"@type\":\"ReadAction\",\"target\":[\"https:\/\/cartraveldocs.com\/essential-items-driving-england\/\"]}]},{\"@type\":\"ImageObject\",\"inLanguage\":\"de\",\"@id\":\"https:\/\/cartraveldocs.com\/essential-items-driving-england\/#primaryimage\",\"url\":\"https:\/\/cartraveldocs.com\/wp-content\/uploads\/2025\/01\/seat-belt.png\",\"contentUrl\":\"https:\/\/cartraveldocs.com\/wp-content\/uploads\/2025\/01\/seat-belt.png\"},{\"@type\":\"BreadcrumbList\",\"@id\":\"https:\/\/cartraveldocs.com\/essential-items-driving-england\/#breadcrumb\",\"itemListElement\":[{\"@type\":\"ListItem\",\"position\":1,\"name\":\"Home\",\"item\":\"https:\/\/cartraveldocs.com\/\"},{\"@type\":\"ListItem\",\"position\":2,\"name\":\"Essential items you must have for driving in England\"}]},{\"@type\":\"WebSite\",\"@id\":\"https:\/\/cartraveldocs.com\/#website\",\"url\":\"https:\/\/cartraveldocs.com\/\",\"name\":\"Car Travel Docs\",\"description\":\"Official European Accident Statement forms\",\"publisher\":{\"@id\":\"https:\/\/cartraveldocs.com\/#organization\"},\"potentialAction\":[{\"@type\":\"SearchAction\",\"target\":{\"@type\":\"EntryPoint\",\"urlTemplate\":\"https:\/\/cartraveldocs.com\/?s={search_term_string}\"},\"query-input\":{\"@type\":\"PropertyValueSpecification\",\"valueRequired\":true,\"valueName\":\"search_term_string\"}}],\"inLanguage\":\"de\"},{\"@type\":\"Organization\",\"@id\":\"https:\/\/cartraveldocs.com\/#organization\",\"name\":\"Car Travel Docs\",\"url\":\"https:\/\/cartraveldocs.com\/\",\"logo\":{\"@type\":\"ImageObject\",\"inLanguage\":\"de\",\"@id\":\"https:\/\/cartraveldocs.com\/#\/schema\/logo\/image\/\",\"url\":\"https:\/\/cartraveldocs.com\/wp-content\/uploads\/2024\/02\/cartraveldocs-logo-512x512-1.png\",\"contentUrl\":\"https:\/\/cartraveldocs.com\/wp-content\/uploads\/2024\/02\/cartraveldocs-logo-512x512-1.png\",\"width\":512,\"height\":512,\"caption\":\"Car Travel Docs\"},\"image\":{\"@id\":\"https:\/\/cartraveldocs.com\/#\/schema\/logo\/image\/\"}}]}<\/script>\n<!-- \/ Yoast SEO plugin. -->","yoast_head_json":{"title":"Unverzichtbare Gegenst\u00e4nde, die Sie f\u00fcr das Fahren in England mitbringen m\u00fcssen | Car Travel Docs","description":"Erfahren Sie, was Sie beim Autofahren in England im Auto mitf\u00fchren m\u00fcssen und was nicht, damit Sie sicher und vorschriftsm\u00e4\u00dfig unterwegs sind.","robots":{"index":"index","follow":"follow","max-snippet":"max-snippet:-1","max-image-preview":"max-image-preview:large","max-video-preview":"max-video-preview:-1"},"canonical":"https:\/\/cartraveldocs.com\/de\/essential-items-driving-england\/","og_locale":"de_DE","og_type":"article","og_title":"Essential items you must have for driving in England | Car Travel Docs","og_description":"Discover what is mandatory and optional to carry in your car while driving in England, ensuring safety and compliance on the road.","og_url":"https:\/\/cartraveldocs.com\/de\/essential-items-driving-england\/","og_site_name":"Car Travel Docs","article_modified_time":"2026-01-11T08:14:50+00:00","og_image":[{"width":512,"height":512,"url":"https:\/\/cartraveldocs.com\/wp-content\/uploads\/2025\/01\/seat-belt.png","type":"image\/png"}],"twitter_misc":{"Gesch\u00e4tzte Lesezeit":"3\u00a0Minuten"},"schema":{"@context":"https:\/\/schema.org","@graph":[{"@type":"WebPage","@id":"https:\/\/cartraveldocs.com\/essential-items-driving-england\/","url":"https:\/\/cartraveldocs.com\/essential-items-driving-england\/","name":"Unverzichtbare Gegenst\u00e4nde, die Sie f\u00fcr das Fahren in England mitbringen m\u00fcssen | Car Travel Docs","isPartOf":{"@id":"https:\/\/cartraveldocs.com\/#website"},"primaryImageOfPage":{"@id":"https:\/\/cartraveldocs.com\/essential-items-driving-england\/#primaryimage"},"image":{"@id":"https:\/\/cartraveldocs.com\/essential-items-driving-england\/#primaryimage"},"thumbnailUrl":"https:\/\/cartraveldocs.com\/wp-content\/uploads\/2025\/01\/seat-belt.png","datePublished":"2024-12-19T14:32:32+00:00","dateModified":"2026-01-11T08:14:50+00:00","description":"Erfahren Sie, was Sie beim Autofahren in England im Auto mitf\u00fchren m\u00fcssen und was nicht, damit Sie sicher und vorschriftsm\u00e4\u00dfig unterwegs sind.","breadcrumb":{"@id":"https:\/\/cartraveldocs.com\/essential-items-driving-england\/#breadcrumb"},"inLanguage":"de","potentialAction":[{"@type":"ReadAction","target":["https:\/\/cartraveldocs.com\/essential-items-driving-england\/"]}]},{"@type":"ImageObject","inLanguage":"de","@id":"https:\/\/cartraveldocs.com\/essential-items-driving-england\/#primaryimage","url":"https:\/\/cartraveldocs.com\/wp-content\/uploads\/2025\/01\/seat-belt.png","contentUrl":"https:\/\/cartraveldocs.com\/wp-content\/uploads\/2025\/01\/seat-belt.png"},{"@type":"BreadcrumbList","@id":"https:\/\/cartraveldocs.com\/essential-items-driving-england\/#breadcrumb","itemListElement":[{"@type":"ListItem","position":1,"name":"Home","item":"https:\/\/cartraveldocs.com\/"},{"@type":"ListItem","position":2,"name":"Essential items you must have for driving in England"}]},{"@type":"WebSite","@id":"https:\/\/cartraveldocs.com\/#website","url":"https:\/\/cartraveldocs.com\/","name":"Car Travel Docs","description":"Offizielle europ\u00e4ische Unfallanzeigeformulare","publisher":{"@id":"https:\/\/cartraveldocs.com\/#organization"},"potentialAction":[{"@type":"SearchAction","target":{"@type":"EntryPoint","urlTemplate":"https:\/\/cartraveldocs.com\/?s={search_term_string}"},"query-input":{"@type":"PropertyValueSpecification","valueRequired":true,"valueName":"search_term_string"}}],"inLanguage":"de"},{"@type":"Organization","@id":"https:\/\/cartraveldocs.com\/#organization","name":"Car Travel Docs","url":"https:\/\/cartraveldocs.com\/","logo":{"@type":"ImageObject","inLanguage":"de","@id":"https:\/\/cartraveldocs.com\/#\/schema\/logo\/image\/","url":"https:\/\/cartraveldocs.com\/wp-content\/uploads\/2024\/02\/cartraveldocs-logo-512x512-1.png","contentUrl":"https:\/\/cartraveldocs.com\/wp-content\/uploads\/2024\/02\/cartraveldocs-logo-512x512-1.png","width":512,"height":512,"caption":"Car Travel Docs"},"image":{"@id":"https:\/\/cartraveldocs.com\/#\/schema\/logo\/image\/"}}]}},"_links":{"self":[{"href":"https:\/\/cartraveldocs.com\/de\/wp-json\/wp\/v2\/pages\/3282","targetHints":{"allow":["GET"]}}],"collection":[{"href":"https:\/\/cartraveldocs.com\/de\/wp-json\/wp\/v2\/pages"}],"about":[{"href":"https:\/\/cartraveldocs.com\/de\/wp-json\/wp\/v2\/types\/page"}],"author":[{"embeddable":true,"href":"https:\/\/cartraveldocs.com\/de\/wp-json\/wp\/v2\/users\/2"}],"replies":[{"embeddable":true,"href":"https:\/\/cartraveldocs.com\/de\/wp-json\/wp\/v2\/comments?post=3282"}],"version-history":[{"count":0,"href":"https:\/\/cartraveldocs.com\/de\/wp-json\/wp\/v2\/pages\/3282\/revisions"}],"wp:attachment":[{"href":"https:\/\/cartraveldocs.com\/de\/wp-json\/wp\/v2\/media?parent=3282"}],"curies":[{"name":"wp","href":"https:\/\/api.w.org\/{rel}","templated":true}]}}