{"id":5534,"date":"2026-01-03T23:28:12","date_gmt":"2026-01-03T22:28:12","guid":{"rendered":"https:\/\/cartraveldocs.com\/?page_id=5534"},"modified":"2026-01-09T08:56:47","modified_gmt":"2026-01-09T07:56:47","slug":"ueber-uns","status":"publish","type":"page","link":"https:\/\/cartraveldocs.com\/de\/about\/","title":{"rendered":"\u00dcber Car Travel Docs"},"content":{"rendered":"<h2 class=\"wp-block-heading\"><strong>\u00dcber diese Website<\/strong><\/h2>\n\n\n\n<p>Seit \u00fcber 15 Jahren bietet diese Website Reisenden einen einfachen Zugang zu den offiziellen Europ\u00e4ischen Unfallberichten in verschiedenen Sprachen. Unser Ziel ist es, Ihnen zu helfen, diese wichtigen Dokumente schnell anzusehen, herunterzuladen und zu verwenden, damit Sie sich auf eine stressfreie Reise konzentrieren k\u00f6nnen.<\/p>\n\n\n\n<p class=\"translation-block\">Die Website wird von <a href=\"https:\/\/siebeprojects.com\" target=\"_self\">Siebe Projects Oy<\/a> betrieben und gepflegt, einem finnischen Unternehmen, das sich der Entwicklung zuverl\u00e4ssiger, benutzerfreundlicher Online-Tools verschrieben hat. Wir sind stolz darauf, dass die Inhalte korrekt, aktuell und f\u00fcr alle Autofahrer in Europa leicht zug\u00e4nglich sind.<\/p>\n\n\n\n<h2 class=\"wp-block-heading\"><strong>\u00dcber den Gr\u00fcnder<\/strong><\/h2>\n\n\n\n<p class=\"has-text-align-left translation-block\">Diese Website wurde von <strong>Siebe Brouwer<\/strong>, dem Eigent\u00fcmer von <a href=\"https:\/\/siebeprojects.com\" target=\"_self\">Siebe Projects Oy<\/a>, erstellt und wird von ihm verwaltet. Mit seiner langj\u00e4hrigen Erfahrung in der Softwareentwicklung und im digitalen Produktmanagement verbindet Siebe technisches Fachwissen mit einer Leidenschaft f\u00fcr die Entwicklung zuverl\u00e4ssiger Tools f\u00fcr den t\u00e4glichen Gebrauch.<\/p>\n\n\n\n<p class=\"has-text-align-left\">Nachdem ich selbst einen Autounfall erlebt hatte, wurde mir klar, wie leicht man vergisst, den Europ\u00e4ischen Unfallbericht auszuf\u00fcllen, wenn man ihn nicht zur Hand hat. Ich wollte diese offiziellen Formulare f\u00fcr alle frei und einfach zug\u00e4nglich machen, damit andere Fahrer Unf\u00e4lle mit weniger Stress und mehr Selbstvertrauen bew\u00e4ltigen k\u00f6nnen.<\/p>\n\n\n\n<figure class=\"wp-block-image size-full is-resized is-style-rounded\"><img loading=\"lazy\" decoding=\"async\" width=\"1024\" height=\"1024\" src=\"https:\/\/cartraveldocs.com\/wp-content\/uploads\/2026\/01\/siebe-portrait.webp\" alt=\"\" class=\"wp-image-5535\" style=\"width:156px;height:auto\" srcset=\"https:\/\/cartraveldocs.com\/wp-content\/uploads\/2026\/01\/siebe-portrait.webp 1024w, https:\/\/cartraveldocs.com\/wp-content\/uploads\/2026\/01\/siebe-portrait-300x300.webp 300w, https:\/\/cartraveldocs.com\/wp-content\/uploads\/2026\/01\/siebe-portrait-100x100.webp 100w, https:\/\/cartraveldocs.com\/wp-content\/uploads\/2026\/01\/siebe-portrait-768x768.webp 768w, https:\/\/cartraveldocs.com\/wp-content\/uploads\/2026\/01\/siebe-portrait-12x12.webp 12w\" sizes=\"auto, (max-width: 1024px) 100vw, 1024px\" \/><\/figure>","protected":false},"excerpt":{"rendered":"<p>About this site For over 15 years, this website has been providing travelers with easy access to the official European Accident Statement forms in different languages. Our goal is to help you quickly view, download, and use these important documents, so you can focus on stress-free travel. The site is operated and maintained by Siebe [&hellip;]<\/p>\n","protected":false},"author":2,"featured_media":0,"parent":0,"menu_order":0,"comment_status":"closed","ping_status":"closed","template":"","meta":{"footnotes":""},"class_list":["post-5534","page","type-page","status-publish","hentry"],"yoast_head":"<!-- This site is optimized with the Yoast SEO plugin v27.2 - https:\/\/yoast.com\/product\/yoast-seo-wordpress\/ -->\n<title>About Car Travel Docs | Car Travel Docs<\/title>\n<meta name=\"description\" content=\"Learn about this site providing official European Accident Statement forms for over 15 years, operated by Siebe Projects Oy.\" \/>\n<meta name=\"robots\" content=\"index, follow, max-snippet:-1, max-image-preview:large, max-video-preview:-1\" \/>\n<link rel=\"canonical\" href=\"https:\/\/cartraveldocs.com\/de\/ueber-uns\/\" \/>\n<meta property=\"og:locale\" content=\"de_DE\" \/>\n<meta property=\"og:type\" content=\"article\" \/>\n<meta property=\"og:title\" content=\"About Car Travel Docs | Car Travel Docs\" \/>\n<meta property=\"og:description\" content=\"Learn about this site providing official European Accident Statement forms for over 15 years, operated by Siebe Projects Oy.\" \/>\n<meta property=\"og:url\" content=\"https:\/\/cartraveldocs.com\/de\/ueber-uns\/\" \/>\n<meta property=\"og:site_name\" content=\"Car Travel Docs\" \/>\n<meta property=\"article:modified_time\" content=\"2026-01-09T07:56:47+00:00\" \/>\n<meta property=\"og:image\" content=\"https:\/\/cartraveldocs.com\/wp-content\/uploads\/2026\/01\/siebe-portrait.webp\" \/>\n<meta name=\"twitter:label1\" content=\"Gesch\u00e4tzte Lesezeit\" \/>\n\t<meta name=\"twitter:data1\" content=\"1\u00a0Minute\" \/>\n<script type=\"application\/ld+json\" class=\"yoast-schema-graph\">{\"@context\":\"https:\/\/schema.org\",\"@graph\":[{\"@type\":\"WebPage\",\"@id\":\"https:\/\/cartraveldocs.com\/about\/\",\"url\":\"https:\/\/cartraveldocs.com\/about\/\",\"name\":\"About Car Travel Docs | Car Travel Docs\",\"isPartOf\":{\"@id\":\"https:\/\/cartraveldocs.com\/#website\"},\"primaryImageOfPage\":{\"@id\":\"https:\/\/cartraveldocs.com\/about\/#primaryimage\"},\"image\":{\"@id\":\"https:\/\/cartraveldocs.com\/about\/#primaryimage\"},\"thumbnailUrl\":\"https:\/\/cartraveldocs.com\/wp-content\/uploads\/2026\/01\/siebe-portrait.webp\",\"datePublished\":\"2026-01-03T22:28:12+00:00\",\"dateModified\":\"2026-01-09T07:56:47+00:00\",\"description\":\"Learn about this site providing official European Accident Statement forms for over 15 years, operated by Siebe Projects Oy.\",\"breadcrumb\":{\"@id\":\"https:\/\/cartraveldocs.com\/about\/#breadcrumb\"},\"inLanguage\":\"de\",\"potentialAction\":[{\"@type\":\"ReadAction\",\"target\":[\"https:\/\/cartraveldocs.com\/about\/\"]}]},{\"@type\":\"ImageObject\",\"inLanguage\":\"de\",\"@id\":\"https:\/\/cartraveldocs.com\/about\/#primaryimage\",\"url\":\"https:\/\/cartraveldocs.com\/wp-content\/uploads\/2026\/01\/siebe-portrait.webp\",\"contentUrl\":\"https:\/\/cartraveldocs.com\/wp-content\/uploads\/2026\/01\/siebe-portrait.webp\"},{\"@type\":\"BreadcrumbList\",\"@id\":\"https:\/\/cartraveldocs.com\/about\/#breadcrumb\",\"itemListElement\":[{\"@type\":\"ListItem\",\"position\":1,\"name\":\"Home\",\"item\":\"https:\/\/cartraveldocs.com\/\"},{\"@type\":\"ListItem\",\"position\":2,\"name\":\"About Car Travel Docs\"}]},{\"@type\":\"WebSite\",\"@id\":\"https:\/\/cartraveldocs.com\/#website\",\"url\":\"https:\/\/cartraveldocs.com\/\",\"name\":\"Car Travel Docs\",\"description\":\"Official European Accident Statement forms\",\"publisher\":{\"@id\":\"https:\/\/cartraveldocs.com\/#organization\"},\"potentialAction\":[{\"@type\":\"SearchAction\",\"target\":{\"@type\":\"EntryPoint\",\"urlTemplate\":\"https:\/\/cartraveldocs.com\/?s={search_term_string}\"},\"query-input\":{\"@type\":\"PropertyValueSpecification\",\"valueRequired\":true,\"valueName\":\"search_term_string\"}}],\"inLanguage\":\"de\"},{\"@type\":\"Organization\",\"@id\":\"https:\/\/cartraveldocs.com\/#organization\",\"name\":\"Car Travel Docs\",\"url\":\"https:\/\/cartraveldocs.com\/\",\"logo\":{\"@type\":\"ImageObject\",\"inLanguage\":\"de\",\"@id\":\"https:\/\/cartraveldocs.com\/#\/schema\/logo\/image\/\",\"url\":\"https:\/\/cartraveldocs.com\/wp-content\/uploads\/2024\/02\/cartraveldocs-logo-512x512-1.png\",\"contentUrl\":\"https:\/\/cartraveldocs.com\/wp-content\/uploads\/2024\/02\/cartraveldocs-logo-512x512-1.png\",\"width\":512,\"height\":512,\"caption\":\"Car Travel Docs\"},\"image\":{\"@id\":\"https:\/\/cartraveldocs.com\/#\/schema\/logo\/image\/\"}}]}<\/script>\n<!-- \/ Yoast SEO plugin. -->","yoast_head_json":{"title":"\u00dcber Car Travel Docs | Car Travel Docs","description":"Erfahren Sie mehr \u00fcber diese Website, die seit \u00fcber 15 Jahren offizielle Europ\u00e4ische Unfallberichte bereitstellt und von Siebe Projects Oy betrieben wird.","robots":{"index":"index","follow":"follow","max-snippet":"max-snippet:-1","max-image-preview":"max-image-preview:large","max-video-preview":"max-video-preview:-1"},"canonical":"https:\/\/cartraveldocs.com\/de\/ueber-uns\/","og_locale":"de_DE","og_type":"article","og_title":"About Car Travel Docs | Car Travel Docs","og_description":"Learn about this site providing official European Accident Statement forms for over 15 years, operated by Siebe Projects Oy.","og_url":"https:\/\/cartraveldocs.com\/de\/ueber-uns\/","og_site_name":"Car Travel Docs","article_modified_time":"2026-01-09T07:56:47+00:00","og_image":[{"url":"https:\/\/cartraveldocs.com\/wp-content\/uploads\/2026\/01\/siebe-portrait.webp","type":"","width":"","height":""}],"twitter_misc":{"Gesch\u00e4tzte Lesezeit":"1\u00a0Minute"},"schema":{"@context":"https:\/\/schema.org","@graph":[{"@type":"WebPage","@id":"https:\/\/cartraveldocs.com\/about\/","url":"https:\/\/cartraveldocs.com\/about\/","name":"\u00dcber Car Travel Docs | Car Travel Docs","isPartOf":{"@id":"https:\/\/cartraveldocs.com\/#website"},"primaryImageOfPage":{"@id":"https:\/\/cartraveldocs.com\/about\/#primaryimage"},"image":{"@id":"https:\/\/cartraveldocs.com\/about\/#primaryimage"},"thumbnailUrl":"https:\/\/cartraveldocs.com\/wp-content\/uploads\/2026\/01\/siebe-portrait.webp","datePublished":"2026-01-03T22:28:12+00:00","dateModified":"2026-01-09T07:56:47+00:00","description":"Erfahren Sie mehr \u00fcber diese Website, die seit \u00fcber 15 Jahren offizielle Europ\u00e4ische Unfallberichte bereitstellt und von Siebe Projects Oy betrieben wird.","breadcrumb":{"@id":"https:\/\/cartraveldocs.com\/about\/#breadcrumb"},"inLanguage":"de","potentialAction":[{"@type":"ReadAction","target":["https:\/\/cartraveldocs.com\/about\/"]}]},{"@type":"ImageObject","inLanguage":"de","@id":"https:\/\/cartraveldocs.com\/about\/#primaryimage","url":"https:\/\/cartraveldocs.com\/wp-content\/uploads\/2026\/01\/siebe-portrait.webp","contentUrl":"https:\/\/cartraveldocs.com\/wp-content\/uploads\/2026\/01\/siebe-portrait.webp"},{"@type":"BreadcrumbList","@id":"https:\/\/cartraveldocs.com\/about\/#breadcrumb","itemListElement":[{"@type":"ListItem","position":1,"name":"Home","item":"https:\/\/cartraveldocs.com\/"},{"@type":"ListItem","position":2,"name":"About Car Travel Docs"}]},{"@type":"WebSite","@id":"https:\/\/cartraveldocs.com\/#website","url":"https:\/\/cartraveldocs.com\/","name":"Car Travel Docs","description":"Offizielle europ\u00e4ische Unfallanzeigeformulare","publisher":{"@id":"https:\/\/cartraveldocs.com\/#organization"},"potentialAction":[{"@type":"SearchAction","target":{"@type":"EntryPoint","urlTemplate":"https:\/\/cartraveldocs.com\/?s={search_term_string}"},"query-input":{"@type":"PropertyValueSpecification","valueRequired":true,"valueName":"search_term_string"}}],"inLanguage":"de"},{"@type":"Organization","@id":"https:\/\/cartraveldocs.com\/#organization","name":"Car Travel Docs","url":"https:\/\/cartraveldocs.com\/","logo":{"@type":"ImageObject","inLanguage":"de","@id":"https:\/\/cartraveldocs.com\/#\/schema\/logo\/image\/","url":"https:\/\/cartraveldocs.com\/wp-content\/uploads\/2024\/02\/cartraveldocs-logo-512x512-1.png","contentUrl":"https:\/\/cartraveldocs.com\/wp-content\/uploads\/2024\/02\/cartraveldocs-logo-512x512-1.png","width":512,"height":512,"caption":"Car Travel Docs"},"image":{"@id":"https:\/\/cartraveldocs.com\/#\/schema\/logo\/image\/"}}]}},"_links":{"self":[{"href":"https:\/\/cartraveldocs.com\/de\/wp-json\/wp\/v2\/pages\/5534","targetHints":{"allow":["GET"]}}],"collection":[{"href":"https:\/\/cartraveldocs.com\/de\/wp-json\/wp\/v2\/pages"}],"about":[{"href":"https:\/\/cartraveldocs.com\/de\/wp-json\/wp\/v2\/types\/page"}],"author":[{"embeddable":true,"href":"https:\/\/cartraveldocs.com\/de\/wp-json\/wp\/v2\/users\/2"}],"replies":[{"embeddable":true,"href":"https:\/\/cartraveldocs.com\/de\/wp-json\/wp\/v2\/comments?post=5534"}],"version-history":[{"count":0,"href":"https:\/\/cartraveldocs.com\/de\/wp-json\/wp\/v2\/pages\/5534\/revisions"}],"wp:attachment":[{"href":"https:\/\/cartraveldocs.com\/de\/wp-json\/wp\/v2\/media?parent=5534"}],"curies":[{"name":"wp","href":"https:\/\/api.w.org\/{rel}","templated":true}]}}