{"id":3253,"date":"2024-12-19T12:23:18","date_gmt":"2024-12-19T11:23:18","guid":{"rendered":"https:\/\/cartraveldocs.com\/?page_id=3253"},"modified":"2026-01-14T13:18:16","modified_gmt":"2026-01-14T12:18:16","slug":"articulos-esenciales-auto","status":"publish","type":"page","link":"https:\/\/cartraveldocs.com\/es\/essential-items-driving-car\/","title":{"rendered":"Art\u00edculos esenciales que debe llevar en su coche"},"content":{"rendered":"<p>Viajar en coche es una de las formas m\u00e1s c\u00f3modas de explorar nuevos destinos, ya que ofrece flexibilidad y libertad. Sin embargo, cada pa\u00eds tiene su propia normativa sobre los elementos de seguridad y emergencia que deben llevarse en los veh\u00edculos. Conocer estos requisitos y cumplirlos no es solo una cuesti\u00f3n de cumplimiento legal; tambi\u00e9n es esencial para tu seguridad y tranquilidad.<\/p>\n\n\n\n<p class=\"translation-block\">Si busca los formularios de Declaraci\u00f3n Amistosa de Accidente en formato PDF, haga clic en <a href=\"https:\/\/cartraveldocs.com\/es\/\" target=\"_self\">aqu\u00ed<\/a>, despl\u00e1cese hacia abajo hasta que vea los enlaces correspondientes a cada idioma.<\/p>\n\n\n<style>.kadence-column3253_7448dd-af > .kt-inside-inner-col,.kadence-column3253_7448dd-af > .kt-inside-inner-col:before{border-top-left-radius:0px;border-top-right-radius:0px;border-bottom-right-radius:0px;border-bottom-left-radius:0px;}.kadence-column3253_7448dd-af > .kt-inside-inner-col{column-gap:var(--global-kb-gap-sm, 1rem);}.kadence-column3253_7448dd-af > .kt-inside-inner-col{flex-direction:column;}.kadence-column3253_7448dd-af > .kt-inside-inner-col > .aligncenter{width:100%;}.kadence-column3253_7448dd-af > .kt-inside-inner-col:before{opacity:0.3;}.kadence-column3253_7448dd-af{position:relative;}@media all and (max-width: 1024px){.kadence-column3253_7448dd-af > .kt-inside-inner-col{flex-direction:column;justify-content:center;}}@media all and (max-width: 767px){.kadence-column3253_7448dd-af > .kt-inside-inner-col{flex-direction:column;justify-content:center;}}<\/style>\n<div class=\"wp-block-kadence-column kadence-column3253_7448dd-af\"><div class=\"kt-inside-inner-col\">\n<!-- WP QUADS v. 3.0.1  Shortcode Ad -->\n<div class=\"quads-location quads-ad3535\" id=\"quads-ad3535\" style=\"float:none;margin:0px;\">\n\n <!-- WP QUADS - Quick AdSense Reloaded v.3.0.1 Content AdSense async --> \n\n<div id=\"quads-ad15-place\" class=\"quads-ll\">\r\n            <ins \r\n                 style=\"display:block; text-align:center;\"\r\n                         data-ad-layout=\"in-article\"\r\n                         data-ad-format=\"fluid\"\r\n                 data-ad-client=\"pub-6293121868082990\"\r\n                 data-ad-slot=\"8210270346\"><span><\/span><\/ins><\/div>\r\n                 <script>\r\n                 instant= new adsenseLoader( '#quads-ad15-place', {\r\n        onLoad: function( ad ){\r\n            if (ad.classList.contains(\"quads-ll\")) {\r\n                ad.classList.remove(\"quads-ll\");\r\n            }\r\n          }   \r\n        });<\/script>\n <!-- end WP QUADS --> \n\n<\/div>\n\n<\/div><\/div>\n\n\n\n<h2 class=\"wp-block-heading\">La seguridad ante todo<\/h2>\n\n\n\n<p class=\"translation-block\">Llevar los art\u00edculos necesarios te asegura estar preparado para emergencias, como aver\u00edas o accidentes. Elementos como <a class=\"thirstylink\" rel=\"nofollow\" target=\"_blank\" title=\"Botiqu\u00edn de primeros auxilios\" href=\"https:\/\/amzn.to\/4iP7u48\" data-linkid=\"4201\">botiquines<\/a>, <a class=\"thirstylink\" rel=\"nofollow\" target=\"_blank\" title=\"Tri\u00e1ngulo de advertencia\" href=\"https:\/\/amzn.to\/4jG7BjL\" data-linkid=\"4202\">tri\u00e1ngulos de advertencia<\/a>, y <a class=\"thirstylink\" rel=\"nofollow\" target=\"_blank\" title=\"Chaleco reflectante\" href=\"https:\/\/amzn.to\/44mi1jX\" data-linkid=\"4203\">chalecos reflectantes<\/a> pueden marcar la diferencia a la hora de garantizar su seguridad y la de los dem\u00e1s usuarios de la carretera. Estas normativas suelen estar dise\u00f1adas para hacer frente a las condiciones espec\u00edficas de cada pa\u00eds, como las inclemencias meteorol\u00f3gicas, el terreno monta\u00f1oso o el tr\u00e1fico intenso.<\/p>\n\n\n\n<h2 class=\"wp-block-heading\">Evitar sanciones legales<\/h2>\n\n\n\n<p class=\"translation-block\">El incumplimiento de la normativa local puede acarrear multas u otras consecuencias legales. Por ejemplo, algunos pa\u00edses obligan a llevar art\u00edculos espec\u00edficos como bombillas de repuesto, <a class=\"thirstylink\" rel=\"nofollow\" target=\"_blank\" title=\"Extintor\" href=\"https:\/\/amzn.to\/433tnH5\" data-linkid=\"4199\">extintores<\/a>, o incluso <a class=\"thirstylink\" rel=\"nofollow\" target=\"_blank\" title=\"alcohol\u00edmetro\" href=\"https:\/\/amzn.to\/4iQv2Wm\" data-linkid=\"4200\">alimentacion<\/a>. Comprender estos requisitos de antemano puede evitarle problemas innecesarios durante el viaje.<\/p>\n\n\n\n<h2 class=\"wp-block-heading\">Viajes tranquilos y agradables<\/h2>\n\n\n\n<p>Estar bien preparado no s\u00f3lo le ayuda a cumplir la ley, sino que tambi\u00e9n reduce el estr\u00e9s y le permite centrarse en disfrutar de su viaje. Al equipar tu coche con los elementos necesarios, demuestras responsabilidad y respeto por las normas del pa\u00eds que visitas.<\/p>\n\n\n\n<p class=\"has-text-align-left\">Como asociado de Amazon, gano por las compras que cumplan los requisitos.<\/p>\n\n\n<style>.kadence-column3253_23861e-60 > .kt-inside-inner-col,.kadence-column3253_23861e-60 > .kt-inside-inner-col:before{border-top-left-radius:0px;border-top-right-radius:0px;border-bottom-right-radius:0px;border-bottom-left-radius:0px;}.kadence-column3253_23861e-60 > .kt-inside-inner-col{column-gap:var(--global-kb-gap-sm, 1rem);}.kadence-column3253_23861e-60 > .kt-inside-inner-col{flex-direction:column;}.kadence-column3253_23861e-60 > .kt-inside-inner-col > .aligncenter{width:100%;}.kadence-column3253_23861e-60 > .kt-inside-inner-col:before{opacity:0.3;}.kadence-column3253_23861e-60{position:relative;}@media all and (max-width: 1024px){.kadence-column3253_23861e-60 > .kt-inside-inner-col{flex-direction:column;justify-content:center;}}@media all and (max-width: 767px){.kadence-column3253_23861e-60 > .kt-inside-inner-col{flex-direction:column;justify-content:center;}}<\/style>\n<div class=\"wp-block-kadence-column kadence-column3253_23861e-60\"><div class=\"kt-inside-inner-col\">\n<!-- WP QUADS v. 3.0.1  Shortcode Ad -->\n<div class=\"quads-location quads-ad3613\" id=\"quads-ad3613\" style=\"float:none;margin:0px;\">\n\n <!-- WP QUADS - Quick AdSense Reloaded v.3.0.1 Content AdSense async --> \n\n<div id=\"quads-ad17-place\" class=\"quads-ll\">\r\n            <ins \r\n                  style=\"display:block;\"\r\n                          data-ad-format=\"auto\"\r\n                 data-ad-client=\"pub-6293121868082990\"\r\n                 data-ad-slot=\"5322676929\"><span><\/span><\/ins><\/div>\r\n                 <script>\r\n                 instant= new adsenseLoader( '#quads-ad17-place', {\r\n        onLoad: function( ad ){\r\n            if (ad.classList.contains(\"quads-ll\")) {\r\n                ad.classList.remove(\"quads-ll\");\r\n            }\r\n          }   \r\n        });<\/script>\n <!-- end WP QUADS --> \n\n<\/div>\n\n<\/div><\/div>\n\n\n\n<h2 class=\"wp-block-heading\">Conozca los requisitos espec\u00edficos de cada pa\u00eds<\/h2>\n\n\n\n<p>Cada pa\u00eds tiene su propia lista de elementos obligatorios para los veh\u00edculos, y mantenerse informado es fundamental. Para ayudarle a cumplir esta normativa, hemos elaborado una gu\u00eda completa con enlaces a descripciones detalladas de los elementos necesarios en cada pa\u00eds. S\u00f3lo tiene que hacer clic en el enlace correspondiente para encontrar la informaci\u00f3n que necesita para su destino.<\/p>\n\n\n\n<div class=\"wp-block-columns is-layout-flex wp-container-core-columns-is-layout-9d6595d7 wp-block-columns-is-layout-flex\">\n<div class=\"wp-block-column is-layout-flow wp-block-column-is-layout-flow\">\n<ul class=\"wp-block-list\">\n<li><a href=\"https:\/\/cartraveldocs.com\/es\/elementos-esenciales-conduccion-austria\/\">Austria<\/a><\/li>\n\n\n\n<li><a href=\"https:\/\/cartraveldocs.com\/es\/elementos-esenciales-conduccion-croacia\/\">Croacia<\/a><\/li>\n\n\n\n<li><a href=\"https:\/\/cartraveldocs.com\/es\/essential-items-you-must-have-for-driving-in-czech-republic\/\">Rep\u00fablica Checa<\/a><\/li>\n\n\n\n<li><a href=\"https:\/\/cartraveldocs.com\/es\/elementos-esenciales-conduccion-francia\/\">Francia<\/a><\/li>\n\n\n\n<li><a href=\"https:\/\/cartraveldocs.com\/es\/elementos-esenciales-conduccion-alemania\/\">Alemania<\/a><\/li>\n\n\n\n<li><a href=\"https:\/\/cartraveldocs.com\/es\/elementos-esenciales-conduccion-italia\/\">Italia<\/a><\/li>\n<\/ul>\n<\/div>\n\n\n\n<div class=\"wp-block-column is-layout-flow wp-block-column-is-layout-flow\">\n<ul class=\"wp-block-list\">\n<li><a href=\"https:\/\/cartraveldocs.com\/es\/elementos-esenciales-conduccion-holanda\/\">Pa\u00edses Bajos<\/a><\/li>\n\n\n\n<li><a href=\"https:\/\/cartraveldocs.com\/es\/elementos-esenciales-conduccion-polonia\/\">Polonia<\/a><\/li>\n\n\n\n<li><a href=\"https:\/\/cartraveldocs.com\/es\/elementos-esenciales-conduccion-portugal\/\">Portugal<\/a><\/li>\n\n\n\n<li><a href=\"https:\/\/cartraveldocs.com\/es\/elementos-esenciales-conduccion-espana\/\">Espa\u00f1a<\/a><\/li>\n\n\n\n<li><a href=\"https:\/\/cartraveldocs.com\/es\/essential-items-driving-united-kingdom\/\">Reino Unido<\/a><\/li>\n<\/ul>\n<\/div>\n<\/div>","protected":false},"excerpt":{"rendered":"<p>Traveling by car is one of the most convenient ways to explore new destinations, offering flexibility and freedom. However, each country has its own regulations regarding what safety and emergency items must be carried in vehicles. Being aware of these requirements and adhering to them is not just a matter of legal compliance; it\u2019s also [&hellip;]<\/p>\n","protected":false},"author":2,"featured_media":0,"parent":0,"menu_order":0,"comment_status":"closed","ping_status":"closed","template":"","meta":{"footnotes":""},"class_list":["post-3253","page","type-page","status-publish","hentry"],"yoast_head":"<!-- This site is optimized with the Yoast SEO plugin v27.2 - https:\/\/yoast.com\/product\/yoast-seo-wordpress\/ -->\n<title>Essential items you must have in your car | Car Travel Docs<\/title>\n<meta name=\"description\" content=\"Providing information about what is mandatory and optional to have in your car while driving in European countries.\" \/>\n<meta name=\"robots\" content=\"index, follow, max-snippet:-1, max-image-preview:large, max-video-preview:-1\" \/>\n<link rel=\"canonical\" href=\"https:\/\/cartraveldocs.com\/es\/articulos-esenciales-auto\/\" \/>\n<meta property=\"og:locale\" content=\"es_ES\" \/>\n<meta property=\"og:type\" content=\"article\" \/>\n<meta property=\"og:title\" content=\"Essential items you must have in your car | Car Travel Docs\" \/>\n<meta property=\"og:description\" content=\"Providing information about what is mandatory and optional to have in your car while driving in European countries.\" \/>\n<meta property=\"og:url\" content=\"https:\/\/cartraveldocs.com\/es\/articulos-esenciales-auto\/\" \/>\n<meta property=\"og:site_name\" content=\"Car Travel Docs\" \/>\n<meta property=\"article:modified_time\" content=\"2026-01-14T12:18:16+00:00\" \/>\n<meta name=\"twitter:label1\" content=\"Tiempo de lectura\" \/>\n\t<meta name=\"twitter:data1\" content=\"2 minutos\" \/>\n<script type=\"application\/ld+json\" class=\"yoast-schema-graph\">{\"@context\":\"https:\/\/schema.org\",\"@graph\":[{\"@type\":\"WebPage\",\"@id\":\"https:\/\/cartraveldocs.com\/essential-items-driving-car\/\",\"url\":\"https:\/\/cartraveldocs.com\/essential-items-driving-car\/\",\"name\":\"Essential items you must have in your car | Car Travel Docs\",\"isPartOf\":{\"@id\":\"https:\/\/cartraveldocs.com\/#website\"},\"datePublished\":\"2024-12-19T11:23:18+00:00\",\"dateModified\":\"2026-01-14T12:18:16+00:00\",\"description\":\"Providing information about what is mandatory and optional to have in your car while driving in European countries.\",\"breadcrumb\":{\"@id\":\"https:\/\/cartraveldocs.com\/essential-items-driving-car\/#breadcrumb\"},\"inLanguage\":\"es\",\"potentialAction\":[{\"@type\":\"ReadAction\",\"target\":[\"https:\/\/cartraveldocs.com\/essential-items-driving-car\/\"]}]},{\"@type\":\"BreadcrumbList\",\"@id\":\"https:\/\/cartraveldocs.com\/essential-items-driving-car\/#breadcrumb\",\"itemListElement\":[{\"@type\":\"ListItem\",\"position\":1,\"name\":\"Home\",\"item\":\"https:\/\/cartraveldocs.com\/\"},{\"@type\":\"ListItem\",\"position\":2,\"name\":\"Essential items you must have in your car\"}]},{\"@type\":\"WebSite\",\"@id\":\"https:\/\/cartraveldocs.com\/#website\",\"url\":\"https:\/\/cartraveldocs.com\/\",\"name\":\"Car Travel Docs\",\"description\":\"Official European Accident Statement forms\",\"publisher\":{\"@id\":\"https:\/\/cartraveldocs.com\/#organization\"},\"potentialAction\":[{\"@type\":\"SearchAction\",\"target\":{\"@type\":\"EntryPoint\",\"urlTemplate\":\"https:\/\/cartraveldocs.com\/?s={search_term_string}\"},\"query-input\":{\"@type\":\"PropertyValueSpecification\",\"valueRequired\":true,\"valueName\":\"search_term_string\"}}],\"inLanguage\":\"es\"},{\"@type\":\"Organization\",\"@id\":\"https:\/\/cartraveldocs.com\/#organization\",\"name\":\"Car Travel Docs\",\"url\":\"https:\/\/cartraveldocs.com\/\",\"logo\":{\"@type\":\"ImageObject\",\"inLanguage\":\"es\",\"@id\":\"https:\/\/cartraveldocs.com\/#\/schema\/logo\/image\/\",\"url\":\"https:\/\/cartraveldocs.com\/wp-content\/uploads\/2024\/02\/cartraveldocs-logo-512x512-1.png\",\"contentUrl\":\"https:\/\/cartraveldocs.com\/wp-content\/uploads\/2024\/02\/cartraveldocs-logo-512x512-1.png\",\"width\":512,\"height\":512,\"caption\":\"Car Travel Docs\"},\"image\":{\"@id\":\"https:\/\/cartraveldocs.com\/#\/schema\/logo\/image\/\"}}]}<\/script>\n<!-- \/ Yoast SEO plugin. -->","yoast_head_json":{"title":"Art\u00edculos imprescindibles que debe llevar en su coche | Car Travel Docs","description":"Informaci\u00f3n sobre lo que es obligatorio y opcional llevar en el coche al conducir en los pa\u00edses europeos.","robots":{"index":"index","follow":"follow","max-snippet":"max-snippet:-1","max-image-preview":"max-image-preview:large","max-video-preview":"max-video-preview:-1"},"canonical":"https:\/\/cartraveldocs.com\/es\/articulos-esenciales-auto\/","og_locale":"es_ES","og_type":"article","og_title":"Essential items you must have in your car | Car Travel Docs","og_description":"Providing information about what is mandatory and optional to have in your car while driving in European countries.","og_url":"https:\/\/cartraveldocs.com\/es\/articulos-esenciales-auto\/","og_site_name":"Car Travel Docs","article_modified_time":"2026-01-14T12:18:16+00:00","twitter_misc":{"Tiempo de lectura":"2 minutos"},"schema":{"@context":"https:\/\/schema.org","@graph":[{"@type":"WebPage","@id":"https:\/\/cartraveldocs.com\/essential-items-driving-car\/","url":"https:\/\/cartraveldocs.com\/essential-items-driving-car\/","name":"Art\u00edculos imprescindibles que debe llevar en su coche | Car Travel Docs","isPartOf":{"@id":"https:\/\/cartraveldocs.com\/#website"},"datePublished":"2024-12-19T11:23:18+00:00","dateModified":"2026-01-14T12:18:16+00:00","description":"Informaci\u00f3n sobre lo que es obligatorio y opcional llevar en el coche al conducir en los pa\u00edses europeos.","breadcrumb":{"@id":"https:\/\/cartraveldocs.com\/essential-items-driving-car\/#breadcrumb"},"inLanguage":"es","potentialAction":[{"@type":"ReadAction","target":["https:\/\/cartraveldocs.com\/essential-items-driving-car\/"]}]},{"@type":"BreadcrumbList","@id":"https:\/\/cartraveldocs.com\/essential-items-driving-car\/#breadcrumb","itemListElement":[{"@type":"ListItem","position":1,"name":"Home","item":"https:\/\/cartraveldocs.com\/"},{"@type":"ListItem","position":2,"name":"Essential items you must have in your car"}]},{"@type":"WebSite","@id":"https:\/\/cartraveldocs.com\/#website","url":"https:\/\/cartraveldocs.com\/","name":"Car Travel Docs","description":"Formarios oficiales de Declaraci\u00f3n Amistosa de Accidente en Europa","publisher":{"@id":"https:\/\/cartraveldocs.com\/#organization"},"potentialAction":[{"@type":"SearchAction","target":{"@type":"EntryPoint","urlTemplate":"https:\/\/cartraveldocs.com\/?s={search_term_string}"},"query-input":{"@type":"PropertyValueSpecification","valueRequired":true,"valueName":"search_term_string"}}],"inLanguage":"es"},{"@type":"Organization","@id":"https:\/\/cartraveldocs.com\/#organization","name":"Car Travel Docs","url":"https:\/\/cartraveldocs.com\/","logo":{"@type":"ImageObject","inLanguage":"es","@id":"https:\/\/cartraveldocs.com\/#\/schema\/logo\/image\/","url":"https:\/\/cartraveldocs.com\/wp-content\/uploads\/2024\/02\/cartraveldocs-logo-512x512-1.png","contentUrl":"https:\/\/cartraveldocs.com\/wp-content\/uploads\/2024\/02\/cartraveldocs-logo-512x512-1.png","width":512,"height":512,"caption":"Car Travel Docs"},"image":{"@id":"https:\/\/cartraveldocs.com\/#\/schema\/logo\/image\/"}}]}},"_links":{"self":[{"href":"https:\/\/cartraveldocs.com\/es\/wp-json\/wp\/v2\/pages\/3253","targetHints":{"allow":["GET"]}}],"collection":[{"href":"https:\/\/cartraveldocs.com\/es\/wp-json\/wp\/v2\/pages"}],"about":[{"href":"https:\/\/cartraveldocs.com\/es\/wp-json\/wp\/v2\/types\/page"}],"author":[{"embeddable":true,"href":"https:\/\/cartraveldocs.com\/es\/wp-json\/wp\/v2\/users\/2"}],"replies":[{"embeddable":true,"href":"https:\/\/cartraveldocs.com\/es\/wp-json\/wp\/v2\/comments?post=3253"}],"version-history":[{"count":0,"href":"https:\/\/cartraveldocs.com\/es\/wp-json\/wp\/v2\/pages\/3253\/revisions"}],"wp:attachment":[{"href":"https:\/\/cartraveldocs.com\/es\/wp-json\/wp\/v2\/media?parent=3253"}],"curies":[{"name":"wp","href":"https:\/\/api.w.org\/{rel}","templated":true}]}}