{"id":3282,"date":"2024-12-19T15:32:32","date_gmt":"2024-12-19T14:32:32","guid":{"rendered":"https:\/\/cartraveldocs.com\/?page_id=3282"},"modified":"2026-01-11T09:14:50","modified_gmt":"2026-01-11T08:14:50","slug":"elementos-esenciales-conduccion-inglaterra","status":"publish","type":"page","link":"https:\/\/cartraveldocs.com\/es\/essential-items-driving-england\/","title":{"rendered":"Art\u00edculos imprescindibles para conducir en Inglaterra"},"content":{"rendered":"<p>Aqu\u00ed tienes un desglose detallado de lo que es obligatorio y opcional llevar en tu coche mientras conduces en Inglaterra.<\/p>\n\n\n\n<div class=\"wp-block-group\"><div class=\"wp-block-group__inner-container is-layout-constrained wp-block-group-is-layout-constrained\">\n<!-- WP QUADS v. 3.0.1  Shortcode Ad -->\n<div class=\"quads-location quads-ad3535\" id=\"quads-ad3535\" style=\"float:none;margin:0px;\">\n\n <!-- WP QUADS - Quick AdSense Reloaded v.3.0.1 Content AdSense async --> \n\n<div id=\"quads-ad15-place\" class=\"quads-ll\">\r\n            <ins \r\n                 style=\"display:block; text-align:center;\"\r\n                         data-ad-layout=\"in-article\"\r\n                         data-ad-format=\"fluid\"\r\n                 data-ad-client=\"pub-6293121868082990\"\r\n                 data-ad-slot=\"8210270346\"><span><\/span><\/ins><\/div>\r\n                 <script>\r\n                 instant= new adsenseLoader( '#quads-ad15-place', {\r\n        onLoad: function( ad ){\r\n            if (ad.classList.contains(\"quads-ll\")) {\r\n                ad.classList.remove(\"quads-ll\");\r\n            }\r\n          }   \r\n        });<\/script>\n <!-- end WP QUADS --> \n\n<\/div>\n\n<\/div><\/div>\n\n\n\n<h3 class=\"wp-block-heading\">Elementos obligatorios<\/h3>\n\n\n\n<div class=\"wp-block-columns is-layout-flex wp-container-core-columns-is-layout-9d6595d7 wp-block-columns-is-layout-flex\">\n<div class=\"wp-block-column is-layout-flow wp-block-column-is-layout-flow\" style=\"flex-basis:20%\">\n<div class=\"wp-block-group\"><div class=\"wp-block-group__inner-container is-layout-constrained wp-block-group-is-layout-constrained\">\n<figure class=\"wp-block-image size-full\"><img loading=\"lazy\" decoding=\"async\" width=\"512\" height=\"512\" src=\"https:\/\/cartraveldocs.com\/wp-content\/uploads\/2025\/01\/seat-belt.png\" alt=\"\" class=\"wp-image-3671\" srcset=\"https:\/\/cartraveldocs.com\/wp-content\/uploads\/2025\/01\/seat-belt.png 512w, https:\/\/cartraveldocs.com\/wp-content\/uploads\/2025\/01\/seat-belt-300x300.png 300w, https:\/\/cartraveldocs.com\/wp-content\/uploads\/2025\/01\/seat-belt-100x100.png 100w, https:\/\/cartraveldocs.com\/wp-content\/uploads\/2025\/01\/seat-belt-12x12.png 12w\" sizes=\"auto, (max-width: 512px) 100vw, 512px\" \/><\/figure>\n<\/div><\/div>\n<\/div>\n\n\n\n<div class=\"wp-block-column is-layout-flow wp-block-column-is-layout-flow\" style=\"flex-basis:66.66%\">\n<div class=\"wp-block-group\"><div class=\"wp-block-group__inner-container is-layout-constrained wp-block-group-is-layout-constrained\">\n<p class=\"has-text-align-left\">Estos elementos son obligatorios por ley para conducir en Inglaterra:<\/p>\n\n\n\n<ul class=\"wp-block-list\">\n<li><strong>Cinturones de seguridad:<\/strong> Es obligatorio el uso de cinturones de seguridad funcionales para todos los pasajeros del veh\u00edculo.<\/li>\n\n\n\n<li class=\"translation-block\"><strong>Permiso de conducir v\u00e1lido:<\/strong> Deber\u00e1 llevar consigo un permiso de conducir v\u00e1lido en todo momento.<\/li>\n\n\n\n<li><strong>Documentos de matriculaci\u00f3n del veh\u00edculo:<\/strong> En el coche debe haber un justificante de la matr\u00edcula del veh\u00edculo (libro de registro V5C).<\/li>\n\n\n\n<li><strong>Certificado de seguro:<\/strong> Debe llevar consigo un justificante de seguro de autom\u00f3vil v\u00e1lido.<\/li>\n\n\n\n<li><strong>Certificado ITV:<\/strong> Si procede, su coche debe tener un certificado de ITV (Ministerio de Transporte) v\u00e1lido para poder circular.<\/li>\n\n\n\n<li><strong>Matr\u00edculas:<\/strong> Su coche debe tener matr\u00edculas v\u00e1lidas y correctamente expuestas.<\/li>\n\n\n\n<li><strong>Impuesto de circulaci\u00f3n:<\/strong> Aseg\u00farese de que su coche est\u00e1 sujeto a impuestos y cumple todos los requisitos legales de circulaci\u00f3n.<\/li>\n<\/ul>\n<\/div><\/div>\n<\/div>\n<\/div>\n\n\n\n<div class=\"wp-block-group\"><div class=\"wp-block-group__inner-container is-layout-constrained wp-block-group-is-layout-constrained\">\n<!-- WP QUADS v. 3.0.1  Shortcode Ad -->\n<div class=\"quads-location quads-ad3613\" id=\"quads-ad3613\" style=\"float:none;margin:0px;\">\n\n <!-- WP QUADS - Quick AdSense Reloaded v.3.0.1 Content AdSense async --> \n\n<div id=\"quads-ad17-place\" class=\"quads-ll\">\r\n            <ins \r\n                  style=\"display:block;\"\r\n                          data-ad-format=\"auto\"\r\n                 data-ad-client=\"pub-6293121868082990\"\r\n                 data-ad-slot=\"5322676929\"><span><\/span><\/ins><\/div>\r\n                 <script>\r\n                 instant= new adsenseLoader( '#quads-ad17-place', {\r\n        onLoad: function( ad ){\r\n            if (ad.classList.contains(\"quads-ll\")) {\r\n                ad.classList.remove(\"quads-ll\");\r\n            }\r\n          }   \r\n        });<\/script>\n <!-- end WP QUADS --> \n\n<\/div>\n\n<\/div><\/div>\n\n\n\n<h3 class=\"wp-block-heading\">Elementos opcionales pero recomendados<\/h3>\n\n\n\n<div class=\"wp-block-columns is-layout-flex wp-container-core-columns-is-layout-9d6595d7 wp-block-columns-is-layout-flex\">\n<div class=\"wp-block-column is-layout-flow wp-block-column-is-layout-flow\" style=\"flex-basis:20%\">\n<div class=\"wp-block-group\"><div class=\"wp-block-group__inner-container is-layout-constrained wp-block-group-is-layout-constrained\">\n<figure class=\"wp-block-image size-full\"><img loading=\"lazy\" decoding=\"async\" width=\"512\" height=\"512\" src=\"https:\/\/cartraveldocs.com\/wp-content\/uploads\/2025\/01\/safety-vest-orange.png\" alt=\"\" class=\"wp-image-3637\" srcset=\"https:\/\/cartraveldocs.com\/wp-content\/uploads\/2025\/01\/safety-vest-orange.png 512w, https:\/\/cartraveldocs.com\/wp-content\/uploads\/2025\/01\/safety-vest-orange-300x300.png 300w, https:\/\/cartraveldocs.com\/wp-content\/uploads\/2025\/01\/safety-vest-orange-100x100.png 100w, https:\/\/cartraveldocs.com\/wp-content\/uploads\/2025\/01\/safety-vest-orange-12x12.png 12w\" sizes=\"auto, (max-width: 512px) 100vw, 512px\" \/><\/figure>\n<\/div><\/div>\n<\/div>\n\n\n\n<div class=\"wp-block-column is-layout-flow wp-block-column-is-layout-flow\">\n<div class=\"wp-block-group\"><div class=\"wp-block-group__inner-container is-layout-constrained wp-block-group-is-layout-constrained\">\n<p>Estos elementos no son legalmente obligatorios, pero se recomiendan encarecidamente por seguridad y comodidad:<\/p>\n\n\n\n<ul class=\"wp-block-list\">\n<li class=\"translation-block\"><strong>Chaleco reflectante:<\/strong> Un <a class=\"thirstylink\" rel=\"nofollow\" target=\"_blank\" title=\"Chaleco reflectante\" href=\"https:\/\/amzn.to\/44mi1jX\" data-linkid=\"4203\">chaleco reflectante<\/a> sirve para garantizar la visibilidad si tienes que dejar el coche en una carretera con mucho tr\u00e1fico.<\/li>\n\n\n\n<li class=\"translation-block\"><strong>Declaraci\u00f3n europea de accidentes:<\/strong> Descargue <a href=\"https:\/\/cartraveldocs.com\/es\/declaracion-amistosa-de-accidente-ingles\/\" target=\"_self\">aqu\u00ed<\/a> la versi\u00f3n en ingl\u00e9s de este documento.<\/li>\n\n\n\n<li class=\"translation-block\"><strong>Botiqu\u00edn de primeros auxilios:<\/strong> Disponer de un <a class=\"thirstylink\" rel=\"nofollow\" target=\"_blank\" title=\"Botiqu\u00edn de primeros auxilios\" href=\"https:\/\/amzn.to\/4iP7u48\" data-linkid=\"4201\">botiqu\u00edn b\u00e1sico<\/a> puede ser \u00fatil en caso de heridas leves o emergencias.<\/li>\n\n\n\n<li class=\"translation-block\"><strong>Tri\u00e1ngulo de advertencia:<\/strong> Aunque no es obligatorio en Inglaterra, disponer de un <a class=\"thirstylink\" rel=\"nofollow\" target=\"_blank\" title=\"Tri\u00e1ngulo de advertencia\" href=\"https:\/\/amzn.to\/4jG7BjL\" data-linkid=\"4202\">tri\u00e1ngulo de advertencia<\/a> es recomendable en caso de aver\u00eda.<\/li>\n\n\n\n<li><strong>Bombillas y fusibles de repuesto:<\/strong> Llevar bombillas y fusibles de repuesto puede ser \u00fatil en caso de que falle una luz.<\/li>\n\n\n\n<li><strong>Cables puente:<\/strong> Pueden ayudarte a volver a arrancar el veh\u00edculo si se agota la bater\u00eda.<\/li>\n\n\n\n<li><strong>Cuerda de remolque:<\/strong> \u00datil para remolcar su coche o ayudar a otras personas en situaciones de aver\u00eda.<\/li>\n\n\n\n<li class=\"translation-block\"><strong>Extintor:<\/strong> Aunque no es obligatorio, llevar un <a class=\"thirstylink\" rel=\"nofollow\" target=\"_blank\" title=\"Extintor\" href=\"https:\/\/amzn.to\/433tnH5\" data-linkid=\"4199\">extintor<\/a> es aconsejable.<\/li>\n<\/ul>\n<\/div><\/div>\n<\/div>\n<\/div>\n\n\n\n<div class=\"wp-block-group\"><div class=\"wp-block-group__inner-container is-layout-constrained wp-block-group-is-layout-constrained\">\n<!-- WP QUADS v. 3.0.1  Shortcode Ad -->\n<div class=\"quads-location quads-ad3612\" id=\"quads-ad3612\" style=\"float:none;margin:0px;\">\n\n <!-- WP QUADS - Quick AdSense Reloaded v.3.0.1 Content AdSense async --> \n\n<div id=\"quads-ad16-place\" class=\"quads-ll\">\r\n            <ins \r\n                 style=\"display:block; text-align:center;\"\r\n                         data-ad-layout=\"in-article\"\r\n                         data-ad-format=\"fluid\"\r\n                 data-ad-client=\"pub-6293121868082990\"\r\n                 data-ad-slot=\"9383250208\"><span><\/span><\/ins><\/div>\r\n                 <script>\r\n                 instant= new adsenseLoader( '#quads-ad16-place', {\r\n        onLoad: function( ad ){\r\n            if (ad.classList.contains(\"quads-ll\")) {\r\n                ad.classList.remove(\"quads-ll\");\r\n            }\r\n          }   \r\n        });<\/script>\n <!-- end WP QUADS --> \n\n<\/div>\n\n<\/div><\/div>\n\n\n\n<h3 class=\"wp-block-heading\">Art\u00edculos adicionales<\/h3>\n\n\n\n<div class=\"wp-block-columns is-layout-flex wp-container-core-columns-is-layout-9d6595d7 wp-block-columns-is-layout-flex\">\n<div class=\"wp-block-column is-layout-flow wp-block-column-is-layout-flow\" style=\"flex-basis:20%\">\n<div class=\"wp-block-group\"><div class=\"wp-block-group__inner-container is-layout-constrained wp-block-group-is-layout-constrained\">\n<figure class=\"wp-block-image size-full\"><img loading=\"lazy\" decoding=\"async\" width=\"512\" height=\"512\" src=\"https:\/\/cartraveldocs.com\/wp-content\/uploads\/2025\/01\/flashlight.png\" alt=\"\" class=\"wp-image-3592\" srcset=\"https:\/\/cartraveldocs.com\/wp-content\/uploads\/2025\/01\/flashlight.png 512w, https:\/\/cartraveldocs.com\/wp-content\/uploads\/2025\/01\/flashlight-300x300.png 300w, https:\/\/cartraveldocs.com\/wp-content\/uploads\/2025\/01\/flashlight-100x100.png 100w, https:\/\/cartraveldocs.com\/wp-content\/uploads\/2025\/01\/flashlight-12x12.png 12w\" sizes=\"auto, (max-width: 512px) 100vw, 512px\" \/><\/figure>\n<\/div><\/div>\n<\/div>\n\n\n\n<div class=\"wp-block-column is-layout-flow wp-block-column-is-layout-flow\">\n<div class=\"wp-block-group\"><div class=\"wp-block-group__inner-container is-layout-constrained wp-block-group-is-layout-constrained\">\n<p>Estos art\u00edculos no son obligatorios por ley, pero pueden ser \u00fatiles en situaciones espec\u00edficas o para mayor comodidad:<\/p>\n\n\n\n<ul class=\"wp-block-list\">\n<li><strong>Linterna:<\/strong> Una linterna puede ser \u00fatil para aver\u00edas o emergencias nocturnas.<\/li>\n\n\n\n<li><strong>Cargador de tel\u00e9fono m\u00f3vil:<\/strong> Mantiene el tel\u00e9fono cargado para la navegaci\u00f3n o las emergencias.<\/li>\n\n\n\n<li><strong>Agua y tentempi\u00e9s:<\/strong> Importante para viajes largos o retrasos inesperados.<\/li>\n\n\n\n<li><strong>Mapas de carreteras o dispositivos de navegaci\u00f3n:<\/strong> \u00datil en zonas con mala se\u00f1al GPS o como reserva.<\/li>\n\n\n\n<li><strong>Cadenas de nieve o neum\u00e1ticos de invierno:<\/strong> Rara vez se necesitan, pero son \u00fatiles en condiciones invernales extremas o en zonas remotas.<\/li>\n\n\n\n<li><strong>Protecci\u00f3n solar:<\/strong> Elementos como las gafas de sol y el protector solar pueden ayudar a mejorar el confort cuando hace sol.<\/li>\n<\/ul>\n<\/div><\/div>\n<\/div>\n<\/div>\n\n\n\n<h3 class=\"wp-block-heading\">Requisitos en otros pa\u00edses<\/h3>\n\n\n\n<p>Cada pa\u00eds tiene su propia lista de art\u00edculos obligatorios para los veh\u00edculos, y mantenerse informado es clave. S\u00f3lo tiene que hacer clic en el enlace correspondiente para encontrar la informaci\u00f3n que necesita para su destino. Cada p\u00e1gina ofrece una gu\u00eda completa con descripciones detalladas de los art\u00edculos obligatorios y opcionales para cada pa\u00eds.<\/p>\n\n\n\n<div class=\"wp-block-columns is-layout-flex wp-container-core-columns-is-layout-9d6595d7 wp-block-columns-is-layout-flex\">\n<div class=\"wp-block-column is-layout-flow wp-block-column-is-layout-flow\">\n<ul class=\"wp-block-list\">\n<li><a href=\"https:\/\/cartraveldocs.com\/es\/elementos-esenciales-conduccion-austria\/\">Austria<\/a><\/li>\n\n\n\n<li><a href=\"https:\/\/cartraveldocs.com\/es\/elementos-esenciales-conduccion-croacia\/\">Croacia<\/a><\/li>\n\n\n\n<li><a href=\"https:\/\/cartraveldocs.com\/es\/elementos-esenciales-conduccion-inglaterra\/\">Inglaterra<\/a><\/li>\n\n\n\n<li><a href=\"https:\/\/cartraveldocs.com\/es\/elementos-esenciales-conduccion-francia\/\">Francia<\/a><\/li>\n\n\n\n<li><a href=\"https:\/\/cartraveldocs.com\/es\/elementos-esenciales-conduccion-alemania\/\">Alemania<\/a><\/li>\n<\/ul>\n<\/div>\n\n\n\n<div class=\"wp-block-column is-layout-flow wp-block-column-is-layout-flow\">\n<ul class=\"wp-block-list\">\n<li><a href=\"https:\/\/cartraveldocs.com\/es\/elementos-esenciales-conduccion-italia\/\">Italia<\/a><\/li>\n\n\n\n<li><a href=\"https:\/\/cartraveldocs.com\/es\/elementos-esenciales-conduccion-holanda\/\">Pa\u00edses Bajos<\/a><\/li>\n\n\n\n<li><a href=\"https:\/\/cartraveldocs.com\/es\/elementos-esenciales-conduccion-polonia\/\">Polonia<\/a><\/li>\n\n\n\n<li><a href=\"https:\/\/cartraveldocs.com\/es\/elementos-esenciales-conduccion-portugal\/\">Portugal<\/a><\/li>\n\n\n\n<li><a href=\"https:\/\/cartraveldocs.com\/es\/elementos-esenciales-conduccion-espana\/\">Espa\u00f1a<\/a><\/li>\n<\/ul>\n<\/div>\n<\/div>\n\n\n\n<hr class=\"wp-block-separator has-alpha-channel-opacity\"\/>\n\n\n\n<h4 class=\"wp-block-heading\">Descargo de responsabilidad<\/h4>\n\n\n\n<p>Como asociado de Amazon, gano dinero con las compras que cumplan los requisitos. Algunos enlaces de este sitio son enlaces de afiliados. Si usted hace una compra a trav\u00e9s de ellos, puedo ganar una peque\u00f1a comisi\u00f3n sin costo adicional para usted. S\u00f3lo recomiendo productos o servicios que considero valiosos para usted.<\/p>\n\n\n\n<p>La informaci\u00f3n facilitada es orientativa y puede cambiar. Verifique los requisitos legales con fuentes oficiales antes de viajar. Car Travel Docs no se hace responsable de inexactitudes o informaci\u00f3n obsoleta.<\/p>","protected":false},"excerpt":{"rendered":"<p>Here\u2019s a detailed breakdown of what is mandatory and optional to have in your car while driving in England. Mandatory items These items are legally required when driving in England: Optional but recommended items These items are not legally required but are highly recommended for safety and convenience: Additional items These items are not required [&hellip;]<\/p>\n","protected":false},"author":2,"featured_media":0,"parent":0,"menu_order":0,"comment_status":"closed","ping_status":"closed","template":"","meta":{"footnotes":""},"class_list":["post-3282","page","type-page","status-publish","hentry"],"yoast_head":"<!-- This site is optimized with the Yoast SEO plugin v27.2 - https:\/\/yoast.com\/product\/yoast-seo-wordpress\/ -->\n<title>Essential items you must have for driving in England | Car Travel Docs<\/title>\n<meta name=\"description\" content=\"Discover what is mandatory and optional to carry in your car while driving in England, ensuring safety and compliance on the road.\" \/>\n<meta name=\"robots\" content=\"index, follow, max-snippet:-1, max-image-preview:large, max-video-preview:-1\" \/>\n<link rel=\"canonical\" href=\"https:\/\/cartraveldocs.com\/es\/elementos-esenciales-conduccion-inglaterra\/\" \/>\n<meta property=\"og:locale\" content=\"es_ES\" \/>\n<meta property=\"og:type\" content=\"article\" \/>\n<meta property=\"og:title\" content=\"Essential items you must have for driving in England | Car Travel Docs\" \/>\n<meta property=\"og:description\" content=\"Discover what is mandatory and optional to carry in your car while driving in England, ensuring safety and compliance on the road.\" \/>\n<meta property=\"og:url\" content=\"https:\/\/cartraveldocs.com\/es\/elementos-esenciales-conduccion-inglaterra\/\" \/>\n<meta property=\"og:site_name\" content=\"Car Travel Docs\" \/>\n<meta property=\"article:modified_time\" content=\"2026-01-11T08:14:50+00:00\" \/>\n<meta property=\"og:image\" content=\"https:\/\/cartraveldocs.com\/wp-content\/uploads\/2025\/01\/seat-belt.png\" \/>\n\t<meta property=\"og:image:width\" content=\"512\" \/>\n\t<meta property=\"og:image:height\" content=\"512\" \/>\n\t<meta property=\"og:image:type\" content=\"image\/png\" \/>\n<meta name=\"twitter:label1\" content=\"Tiempo de lectura\" \/>\n\t<meta name=\"twitter:data1\" content=\"3 minutos\" \/>\n<script type=\"application\/ld+json\" class=\"yoast-schema-graph\">{\"@context\":\"https:\/\/schema.org\",\"@graph\":[{\"@type\":\"WebPage\",\"@id\":\"https:\/\/cartraveldocs.com\/essential-items-driving-england\/\",\"url\":\"https:\/\/cartraveldocs.com\/essential-items-driving-england\/\",\"name\":\"Essential items you must have for driving in England | Car Travel Docs\",\"isPartOf\":{\"@id\":\"https:\/\/cartraveldocs.com\/#website\"},\"primaryImageOfPage\":{\"@id\":\"https:\/\/cartraveldocs.com\/essential-items-driving-england\/#primaryimage\"},\"image\":{\"@id\":\"https:\/\/cartraveldocs.com\/essential-items-driving-england\/#primaryimage\"},\"thumbnailUrl\":\"https:\/\/cartraveldocs.com\/wp-content\/uploads\/2025\/01\/seat-belt.png\",\"datePublished\":\"2024-12-19T14:32:32+00:00\",\"dateModified\":\"2026-01-11T08:14:50+00:00\",\"description\":\"Discover what is mandatory and optional to carry in your car while driving in England, ensuring safety and compliance on the road.\",\"breadcrumb\":{\"@id\":\"https:\/\/cartraveldocs.com\/essential-items-driving-england\/#breadcrumb\"},\"inLanguage\":\"es\",\"potentialAction\":[{\"@type\":\"ReadAction\",\"target\":[\"https:\/\/cartraveldocs.com\/essential-items-driving-england\/\"]}]},{\"@type\":\"ImageObject\",\"inLanguage\":\"es\",\"@id\":\"https:\/\/cartraveldocs.com\/essential-items-driving-england\/#primaryimage\",\"url\":\"https:\/\/cartraveldocs.com\/wp-content\/uploads\/2025\/01\/seat-belt.png\",\"contentUrl\":\"https:\/\/cartraveldocs.com\/wp-content\/uploads\/2025\/01\/seat-belt.png\"},{\"@type\":\"BreadcrumbList\",\"@id\":\"https:\/\/cartraveldocs.com\/essential-items-driving-england\/#breadcrumb\",\"itemListElement\":[{\"@type\":\"ListItem\",\"position\":1,\"name\":\"Home\",\"item\":\"https:\/\/cartraveldocs.com\/\"},{\"@type\":\"ListItem\",\"position\":2,\"name\":\"Essential items you must have for driving in England\"}]},{\"@type\":\"WebSite\",\"@id\":\"https:\/\/cartraveldocs.com\/#website\",\"url\":\"https:\/\/cartraveldocs.com\/\",\"name\":\"Car Travel Docs\",\"description\":\"Official European Accident Statement forms\",\"publisher\":{\"@id\":\"https:\/\/cartraveldocs.com\/#organization\"},\"potentialAction\":[{\"@type\":\"SearchAction\",\"target\":{\"@type\":\"EntryPoint\",\"urlTemplate\":\"https:\/\/cartraveldocs.com\/?s={search_term_string}\"},\"query-input\":{\"@type\":\"PropertyValueSpecification\",\"valueRequired\":true,\"valueName\":\"search_term_string\"}}],\"inLanguage\":\"es\"},{\"@type\":\"Organization\",\"@id\":\"https:\/\/cartraveldocs.com\/#organization\",\"name\":\"Car Travel Docs\",\"url\":\"https:\/\/cartraveldocs.com\/\",\"logo\":{\"@type\":\"ImageObject\",\"inLanguage\":\"es\",\"@id\":\"https:\/\/cartraveldocs.com\/#\/schema\/logo\/image\/\",\"url\":\"https:\/\/cartraveldocs.com\/wp-content\/uploads\/2024\/02\/cartraveldocs-logo-512x512-1.png\",\"contentUrl\":\"https:\/\/cartraveldocs.com\/wp-content\/uploads\/2024\/02\/cartraveldocs-logo-512x512-1.png\",\"width\":512,\"height\":512,\"caption\":\"Car Travel Docs\"},\"image\":{\"@id\":\"https:\/\/cartraveldocs.com\/#\/schema\/logo\/image\/\"}}]}<\/script>\n<!-- \/ Yoast SEO plugin. -->","yoast_head_json":{"title":"Elementos esenciales que debe tener para conducir en Inglaterra | Car Travel Docs","description":"Descubra qu\u00e9 es obligatorio y qu\u00e9 es opcional llevar en el coche durante la conducci\u00f3n en Inglaterra, garantizando la seguridad y el cumplimiento de las normas en carretera.","robots":{"index":"index","follow":"follow","max-snippet":"max-snippet:-1","max-image-preview":"max-image-preview:large","max-video-preview":"max-video-preview:-1"},"canonical":"https:\/\/cartraveldocs.com\/es\/elementos-esenciales-conduccion-inglaterra\/","og_locale":"es_ES","og_type":"article","og_title":"Essential items you must have for driving in England | Car Travel Docs","og_description":"Discover what is mandatory and optional to carry in your car while driving in England, ensuring safety and compliance on the road.","og_url":"https:\/\/cartraveldocs.com\/es\/elementos-esenciales-conduccion-inglaterra\/","og_site_name":"Car Travel Docs","article_modified_time":"2026-01-11T08:14:50+00:00","og_image":[{"width":512,"height":512,"url":"https:\/\/cartraveldocs.com\/wp-content\/uploads\/2025\/01\/seat-belt.png","type":"image\/png"}],"twitter_misc":{"Tiempo de lectura":"3 minutos"},"schema":{"@context":"https:\/\/schema.org","@graph":[{"@type":"WebPage","@id":"https:\/\/cartraveldocs.com\/essential-items-driving-england\/","url":"https:\/\/cartraveldocs.com\/essential-items-driving-england\/","name":"Elementos esenciales que debe tener para conducir en Inglaterra | Car Travel Docs","isPartOf":{"@id":"https:\/\/cartraveldocs.com\/#website"},"primaryImageOfPage":{"@id":"https:\/\/cartraveldocs.com\/essential-items-driving-england\/#primaryimage"},"image":{"@id":"https:\/\/cartraveldocs.com\/essential-items-driving-england\/#primaryimage"},"thumbnailUrl":"https:\/\/cartraveldocs.com\/wp-content\/uploads\/2025\/01\/seat-belt.png","datePublished":"2024-12-19T14:32:32+00:00","dateModified":"2026-01-11T08:14:50+00:00","description":"Descubra qu\u00e9 es obligatorio y qu\u00e9 es opcional llevar en el coche durante la conducci\u00f3n en Inglaterra, garantizando la seguridad y el cumplimiento de las normas en carretera.","breadcrumb":{"@id":"https:\/\/cartraveldocs.com\/essential-items-driving-england\/#breadcrumb"},"inLanguage":"es","potentialAction":[{"@type":"ReadAction","target":["https:\/\/cartraveldocs.com\/essential-items-driving-england\/"]}]},{"@type":"ImageObject","inLanguage":"es","@id":"https:\/\/cartraveldocs.com\/essential-items-driving-england\/#primaryimage","url":"https:\/\/cartraveldocs.com\/wp-content\/uploads\/2025\/01\/seat-belt.png","contentUrl":"https:\/\/cartraveldocs.com\/wp-content\/uploads\/2025\/01\/seat-belt.png"},{"@type":"BreadcrumbList","@id":"https:\/\/cartraveldocs.com\/essential-items-driving-england\/#breadcrumb","itemListElement":[{"@type":"ListItem","position":1,"name":"Home","item":"https:\/\/cartraveldocs.com\/"},{"@type":"ListItem","position":2,"name":"Essential items you must have for driving in England"}]},{"@type":"WebSite","@id":"https:\/\/cartraveldocs.com\/#website","url":"https:\/\/cartraveldocs.com\/","name":"Car Travel Docs","description":"Formarios oficiales de Declaraci\u00f3n Amistosa de Accidente en Europa","publisher":{"@id":"https:\/\/cartraveldocs.com\/#organization"},"potentialAction":[{"@type":"SearchAction","target":{"@type":"EntryPoint","urlTemplate":"https:\/\/cartraveldocs.com\/?s={search_term_string}"},"query-input":{"@type":"PropertyValueSpecification","valueRequired":true,"valueName":"search_term_string"}}],"inLanguage":"es"},{"@type":"Organization","@id":"https:\/\/cartraveldocs.com\/#organization","name":"Car Travel Docs","url":"https:\/\/cartraveldocs.com\/","logo":{"@type":"ImageObject","inLanguage":"es","@id":"https:\/\/cartraveldocs.com\/#\/schema\/logo\/image\/","url":"https:\/\/cartraveldocs.com\/wp-content\/uploads\/2024\/02\/cartraveldocs-logo-512x512-1.png","contentUrl":"https:\/\/cartraveldocs.com\/wp-content\/uploads\/2024\/02\/cartraveldocs-logo-512x512-1.png","width":512,"height":512,"caption":"Car Travel Docs"},"image":{"@id":"https:\/\/cartraveldocs.com\/#\/schema\/logo\/image\/"}}]}},"_links":{"self":[{"href":"https:\/\/cartraveldocs.com\/es\/wp-json\/wp\/v2\/pages\/3282","targetHints":{"allow":["GET"]}}],"collection":[{"href":"https:\/\/cartraveldocs.com\/es\/wp-json\/wp\/v2\/pages"}],"about":[{"href":"https:\/\/cartraveldocs.com\/es\/wp-json\/wp\/v2\/types\/page"}],"author":[{"embeddable":true,"href":"https:\/\/cartraveldocs.com\/es\/wp-json\/wp\/v2\/users\/2"}],"replies":[{"embeddable":true,"href":"https:\/\/cartraveldocs.com\/es\/wp-json\/wp\/v2\/comments?post=3282"}],"version-history":[{"count":0,"href":"https:\/\/cartraveldocs.com\/es\/wp-json\/wp\/v2\/pages\/3282\/revisions"}],"wp:attachment":[{"href":"https:\/\/cartraveldocs.com\/es\/wp-json\/wp\/v2\/media?parent=3282"}],"curies":[{"name":"wp","href":"https:\/\/api.w.org\/{rel}","templated":true}]}}