{"id":5534,"date":"2026-01-03T23:28:12","date_gmt":"2026-01-03T22:28:12","guid":{"rendered":"https:\/\/cartraveldocs.com\/?page_id=5534"},"modified":"2026-01-09T08:56:47","modified_gmt":"2026-01-09T07:56:47","slug":"sobre-nosotros","status":"publish","type":"page","link":"https:\/\/cartraveldocs.com\/es\/about\/","title":{"rendered":"Acerca de Car Travel Docs"},"content":{"rendered":"<h2 class=\"wp-block-heading\"><strong>Acerca de este sitio<\/strong><\/h2>\n\n\n\n<p>Desde hace m\u00e1s de 15 a\u00f1os, este sitio web facilita a los viajeros el acceso a los formularios oficiales de Declaraci\u00f3n Amistosa de Accidente en distintos idiomas. Nuestro objetivo es ayudarle a consultar, descargar y utilizar r\u00e1pidamente estos importantes documentos, para que pueda centrarse en viajar sin estr\u00e9s.<\/p>\n\n\n\n<p class=\"translation-block\">El sitio est\u00e1 gestionado y mantenido por <a href=\"https:\/\/siebeprojects.com\" target=\"_self\">Siebe Projects Oy<\/a>, una empresa finlandesa dedicada a crear herramientas en l\u00ednea fiables y f\u00e1ciles de usar. Nos enorgullecemos de mantener el contenido preciso, actualizado y de f\u00e1cil acceso para todos los que conducen en Europa.<\/p>\n\n\n\n<h2 class=\"wp-block-heading\"><strong>Acerca del fundador<\/strong><\/h2>\n\n\n\n<p class=\"has-text-align-left translation-block\">Este sitio ha sido creado y es gestionado por <strong>Siebe Brouwer<\/strong>, propietario de <a href=\"https:\/\/siebeprojects.com\" target=\"_self\">Siebe Projects Oy<\/a>. Con a\u00f1os de experiencia en el desarrollo de software y la gesti\u00f3n de productos digitales, Siebe combina su experiencia t\u00e9cnica con su pasi\u00f3n por crear herramientas fiables para el uso diario.<\/p>\n\n\n\n<p class=\"has-text-align-left\">Despu\u00e9s de sufrir un accidente de tr\u00e1fico, me di cuenta de lo f\u00e1cil que es olvidarse de rellenar la Declaraci\u00f3n Amistosa de Accidente si no lo tienes a mano. Quer\u00eda que estos formularios de Declaraci\u00f3n Amistosa de Accidente estuvieran disponibles de forma gratuita y f\u00e1cil para todo el mundo, para que otros conductores pudieran gestionar los accidentes con menos estr\u00e9s y m\u00e1s confianza.<\/p>\n\n\n\n<figure class=\"wp-block-image size-full is-resized is-style-rounded\"><img loading=\"lazy\" decoding=\"async\" width=\"1024\" height=\"1024\" src=\"https:\/\/cartraveldocs.com\/wp-content\/uploads\/2026\/01\/siebe-portrait.webp\" alt=\"\" class=\"wp-image-5535\" style=\"width:156px;height:auto\" srcset=\"https:\/\/cartraveldocs.com\/wp-content\/uploads\/2026\/01\/siebe-portrait.webp 1024w, https:\/\/cartraveldocs.com\/wp-content\/uploads\/2026\/01\/siebe-portrait-300x300.webp 300w, https:\/\/cartraveldocs.com\/wp-content\/uploads\/2026\/01\/siebe-portrait-100x100.webp 100w, https:\/\/cartraveldocs.com\/wp-content\/uploads\/2026\/01\/siebe-portrait-768x768.webp 768w, https:\/\/cartraveldocs.com\/wp-content\/uploads\/2026\/01\/siebe-portrait-12x12.webp 12w\" sizes=\"auto, (max-width: 1024px) 100vw, 1024px\" \/><\/figure>","protected":false},"excerpt":{"rendered":"<p>About this site For over 15 years, this website has been providing travelers with easy access to the official European Accident Statement forms in different languages. Our goal is to help you quickly view, download, and use these important documents, so you can focus on stress-free travel. The site is operated and maintained by Siebe [&hellip;]<\/p>\n","protected":false},"author":2,"featured_media":0,"parent":0,"menu_order":0,"comment_status":"closed","ping_status":"closed","template":"","meta":{"footnotes":""},"class_list":["post-5534","page","type-page","status-publish","hentry"],"yoast_head":"<!-- This site is optimized with the Yoast SEO plugin v27.5 - https:\/\/yoast.com\/product\/yoast-seo-wordpress\/ -->\n<title>About Car Travel Docs | Car Travel Docs<\/title>\n<meta name=\"description\" content=\"Learn about this site providing official European Accident Statement forms for over 15 years, operated by Siebe Projects Oy.\" \/>\n<meta name=\"robots\" content=\"index, follow, max-snippet:-1, max-image-preview:large, max-video-preview:-1\" \/>\n<link rel=\"canonical\" href=\"https:\/\/cartraveldocs.com\/es\/sobre-nosotros\/\" \/>\n<meta property=\"og:locale\" content=\"es_ES\" \/>\n<meta property=\"og:type\" content=\"article\" \/>\n<meta property=\"og:title\" content=\"About Car Travel Docs | Car Travel Docs\" \/>\n<meta property=\"og:description\" content=\"Learn about this site providing official European Accident Statement forms for over 15 years, operated by Siebe Projects Oy.\" \/>\n<meta property=\"og:url\" content=\"https:\/\/cartraveldocs.com\/es\/sobre-nosotros\/\" \/>\n<meta property=\"og:site_name\" content=\"Car Travel Docs\" \/>\n<meta property=\"article:modified_time\" content=\"2026-01-09T07:56:47+00:00\" \/>\n<meta property=\"og:image\" content=\"https:\/\/cartraveldocs.com\/wp-content\/uploads\/2026\/01\/siebe-portrait.webp\" \/>\n<meta name=\"twitter:label1\" content=\"Tiempo de lectura\" \/>\n\t<meta name=\"twitter:data1\" content=\"1 minuto\" \/>\n<script type=\"application\/ld+json\" class=\"yoast-schema-graph\">{\"@context\":\"https:\\\/\\\/schema.org\",\"@graph\":[{\"@type\":\"WebPage\",\"@id\":\"https:\\\/\\\/cartraveldocs.com\\\/about\\\/\",\"url\":\"https:\\\/\\\/cartraveldocs.com\\\/about\\\/\",\"name\":\"About Car Travel Docs | Car Travel Docs\",\"isPartOf\":{\"@id\":\"https:\\\/\\\/cartraveldocs.com\\\/#website\"},\"primaryImageOfPage\":{\"@id\":\"https:\\\/\\\/cartraveldocs.com\\\/about\\\/#primaryimage\"},\"image\":{\"@id\":\"https:\\\/\\\/cartraveldocs.com\\\/about\\\/#primaryimage\"},\"thumbnailUrl\":\"https:\\\/\\\/cartraveldocs.com\\\/wp-content\\\/uploads\\\/2026\\\/01\\\/siebe-portrait.webp\",\"datePublished\":\"2026-01-03T22:28:12+00:00\",\"dateModified\":\"2026-01-09T07:56:47+00:00\",\"description\":\"Learn about this site providing official European Accident Statement forms for over 15 years, operated by Siebe Projects Oy.\",\"breadcrumb\":{\"@id\":\"https:\\\/\\\/cartraveldocs.com\\\/about\\\/#breadcrumb\"},\"inLanguage\":\"es\",\"potentialAction\":[{\"@type\":\"ReadAction\",\"target\":[\"https:\\\/\\\/cartraveldocs.com\\\/about\\\/\"]}]},{\"@type\":\"ImageObject\",\"inLanguage\":\"es\",\"@id\":\"https:\\\/\\\/cartraveldocs.com\\\/about\\\/#primaryimage\",\"url\":\"https:\\\/\\\/cartraveldocs.com\\\/wp-content\\\/uploads\\\/2026\\\/01\\\/siebe-portrait.webp\",\"contentUrl\":\"https:\\\/\\\/cartraveldocs.com\\\/wp-content\\\/uploads\\\/2026\\\/01\\\/siebe-portrait.webp\"},{\"@type\":\"BreadcrumbList\",\"@id\":\"https:\\\/\\\/cartraveldocs.com\\\/about\\\/#breadcrumb\",\"itemListElement\":[{\"@type\":\"ListItem\",\"position\":1,\"name\":\"Home\",\"item\":\"https:\\\/\\\/cartraveldocs.com\\\/\"},{\"@type\":\"ListItem\",\"position\":2,\"name\":\"About Car Travel Docs\"}]},{\"@type\":\"WebSite\",\"@id\":\"https:\\\/\\\/cartraveldocs.com\\\/#website\",\"url\":\"https:\\\/\\\/cartraveldocs.com\\\/\",\"name\":\"Car Travel Docs\",\"description\":\"Official European Accident Statement forms\",\"publisher\":{\"@id\":\"https:\\\/\\\/cartraveldocs.com\\\/#organization\"},\"potentialAction\":[{\"@type\":\"SearchAction\",\"target\":{\"@type\":\"EntryPoint\",\"urlTemplate\":\"https:\\\/\\\/cartraveldocs.com\\\/?s={search_term_string}\"},\"query-input\":{\"@type\":\"PropertyValueSpecification\",\"valueRequired\":true,\"valueName\":\"search_term_string\"}}],\"inLanguage\":\"es\"},{\"@type\":\"Organization\",\"@id\":\"https:\\\/\\\/cartraveldocs.com\\\/#organization\",\"name\":\"Car Travel Docs\",\"url\":\"https:\\\/\\\/cartraveldocs.com\\\/\",\"logo\":{\"@type\":\"ImageObject\",\"inLanguage\":\"es\",\"@id\":\"https:\\\/\\\/cartraveldocs.com\\\/#\\\/schema\\\/logo\\\/image\\\/\",\"url\":\"https:\\\/\\\/cartraveldocs.com\\\/wp-content\\\/uploads\\\/2024\\\/02\\\/cartraveldocs-logo-512x512-1.png\",\"contentUrl\":\"https:\\\/\\\/cartraveldocs.com\\\/wp-content\\\/uploads\\\/2024\\\/02\\\/cartraveldocs-logo-512x512-1.png\",\"width\":512,\"height\":512,\"caption\":\"Car Travel Docs\"},\"image\":{\"@id\":\"https:\\\/\\\/cartraveldocs.com\\\/#\\\/schema\\\/logo\\\/image\\\/\"}}]}<\/script>\n<!-- \/ Yoast SEO plugin. -->","yoast_head_json":{"title":"Acerca de Car Travel Docs | Car Travel Docs","description":"Obtenga m\u00e1s informaci\u00f3n sobre este sitio web, que lleva m\u00e1s de 15 a\u00f1os proporcionando formularios oficiales de Declaraci\u00f3n Amistosa de Accidente y est\u00e1 gestionado por Siebe Projects Oy.","robots":{"index":"index","follow":"follow","max-snippet":"max-snippet:-1","max-image-preview":"max-image-preview:large","max-video-preview":"max-video-preview:-1"},"canonical":"https:\/\/cartraveldocs.com\/es\/sobre-nosotros\/","og_locale":"es_ES","og_type":"article","og_title":"About Car Travel Docs | Car Travel Docs","og_description":"Learn about this site providing official European Accident Statement forms for over 15 years, operated by Siebe Projects Oy.","og_url":"https:\/\/cartraveldocs.com\/es\/sobre-nosotros\/","og_site_name":"Car Travel Docs","article_modified_time":"2026-01-09T07:56:47+00:00","og_image":[{"url":"https:\/\/cartraveldocs.com\/wp-content\/uploads\/2026\/01\/siebe-portrait.webp","type":"","width":"","height":""}],"twitter_misc":{"Tiempo de lectura":"1 minuto"},"schema":{"@context":"https:\/\/schema.org","@graph":[{"@type":"WebPage","@id":"https:\/\/cartraveldocs.com\/about\/","url":"https:\/\/cartraveldocs.com\/about\/","name":"Acerca de Car Travel Docs | Car Travel Docs","isPartOf":{"@id":"https:\/\/cartraveldocs.com\/#website"},"primaryImageOfPage":{"@id":"https:\/\/cartraveldocs.com\/about\/#primaryimage"},"image":{"@id":"https:\/\/cartraveldocs.com\/about\/#primaryimage"},"thumbnailUrl":"https:\/\/cartraveldocs.com\/wp-content\/uploads\/2026\/01\/siebe-portrait.webp","datePublished":"2026-01-03T22:28:12+00:00","dateModified":"2026-01-09T07:56:47+00:00","description":"Obtenga m\u00e1s informaci\u00f3n sobre este sitio web, que lleva m\u00e1s de 15 a\u00f1os proporcionando formularios oficiales de Declaraci\u00f3n Amistosa de Accidente y est\u00e1 gestionado por Siebe Projects Oy.","breadcrumb":{"@id":"https:\/\/cartraveldocs.com\/about\/#breadcrumb"},"inLanguage":"es","potentialAction":[{"@type":"ReadAction","target":["https:\/\/cartraveldocs.com\/about\/"]}]},{"@type":"ImageObject","inLanguage":"es","@id":"https:\/\/cartraveldocs.com\/about\/#primaryimage","url":"https:\/\/cartraveldocs.com\/wp-content\/uploads\/2026\/01\/siebe-portrait.webp","contentUrl":"https:\/\/cartraveldocs.com\/wp-content\/uploads\/2026\/01\/siebe-portrait.webp"},{"@type":"BreadcrumbList","@id":"https:\/\/cartraveldocs.com\/about\/#breadcrumb","itemListElement":[{"@type":"ListItem","position":1,"name":"Home","item":"https:\/\/cartraveldocs.com\/"},{"@type":"ListItem","position":2,"name":"About Car Travel Docs"}]},{"@type":"WebSite","@id":"https:\/\/cartraveldocs.com\/#website","url":"https:\/\/cartraveldocs.com\/","name":"Car Travel Docs","description":"Formarios oficiales de Declaraci\u00f3n Amistosa de Accidente en Europa","publisher":{"@id":"https:\/\/cartraveldocs.com\/#organization"},"potentialAction":[{"@type":"SearchAction","target":{"@type":"EntryPoint","urlTemplate":"https:\/\/cartraveldocs.com\/?s={search_term_string}"},"query-input":{"@type":"PropertyValueSpecification","valueRequired":true,"valueName":"search_term_string"}}],"inLanguage":"es"},{"@type":"Organization","@id":"https:\/\/cartraveldocs.com\/#organization","name":"Car Travel Docs","url":"https:\/\/cartraveldocs.com\/","logo":{"@type":"ImageObject","inLanguage":"es","@id":"https:\/\/cartraveldocs.com\/#\/schema\/logo\/image\/","url":"https:\/\/cartraveldocs.com\/wp-content\/uploads\/2024\/02\/cartraveldocs-logo-512x512-1.png","contentUrl":"https:\/\/cartraveldocs.com\/wp-content\/uploads\/2024\/02\/cartraveldocs-logo-512x512-1.png","width":512,"height":512,"caption":"Car Travel Docs"},"image":{"@id":"https:\/\/cartraveldocs.com\/#\/schema\/logo\/image\/"}}]}},"_links":{"self":[{"href":"https:\/\/cartraveldocs.com\/es\/wp-json\/wp\/v2\/pages\/5534","targetHints":{"allow":["GET"]}}],"collection":[{"href":"https:\/\/cartraveldocs.com\/es\/wp-json\/wp\/v2\/pages"}],"about":[{"href":"https:\/\/cartraveldocs.com\/es\/wp-json\/wp\/v2\/types\/page"}],"author":[{"embeddable":true,"href":"https:\/\/cartraveldocs.com\/es\/wp-json\/wp\/v2\/users\/2"}],"replies":[{"embeddable":true,"href":"https:\/\/cartraveldocs.com\/es\/wp-json\/wp\/v2\/comments?post=5534"}],"version-history":[{"count":0,"href":"https:\/\/cartraveldocs.com\/es\/wp-json\/wp\/v2\/pages\/5534\/revisions"}],"wp:attachment":[{"href":"https:\/\/cartraveldocs.com\/es\/wp-json\/wp\/v2\/media?parent=5534"}],"curies":[{"name":"wp","href":"https:\/\/api.w.org\/{rel}","templated":true}]}}