{"id":13,"date":"2011-08-28T07:57:40","date_gmt":"2011-08-28T04:57:40","guid":{"rendered":"https:\/\/cartraveldocs.com\/wpinstall\/?page_id=13"},"modified":"2025-06-18T13:25:09","modified_gmt":"2025-06-18T11:25:09","slug":"contactez","status":"publish","type":"page","link":"https:\/\/cartraveldocs.com\/fr\/contact\/","title":{"rendered":"Contactez"},"content":{"rendered":"\n<p>If you have any questions, please feel free to contact us by filling in the form below.<\/p>\n\n\n<div class=\"wpforms-container wpforms-container-full wpforms-block wpforms-block-7c160c32-6907-400b-a411-7cf422dfa300\" id=\"wpforms-4999\"><form id=\"wpforms-form-4999\" class=\"wpforms-validate wpforms-form wpforms-ajax-form\" data-formid=\"4999\" method=\"post\" enctype=\"multipart\/form-data\" action=\"\/fr\/wp-json\/wp\/v2\/pages\/13\" data-token=\"9738be2a4b3d78928d1cc00d7d61eb2e\" data-token-time=\"1777106238\"><noscript class=\"wpforms-error-noscript\">Veuillez activer JavaScript dans votre navigateur pour remplir ce formulaire.<\/noscript><div class=\"wpforms-field-container\">\t\t<div id=\"wpforms-4999-field_4-container\"\n\t\t\tclass=\"wpforms-field wpforms-field-text\"\n\t\t\tdata-field-type=\"text\"\n\t\t\tdata-field-id=\"4\"\n\t\t\t>\n\t\t\t<label class=\"wpforms-field-label\" for=\"wpforms-4999-field_4\" >Email Message Name<\/label>\n\t\t\t<input type=\"text\" id=\"wpforms-4999-field_4\" class=\"wpforms-field-medium\" name=\"wpforms[fields][4]\" >\n\t\t<\/div>\n\t\t<div id=\"wpforms-4999-field_1-container\" class=\"wpforms-field wpforms-field-name\" data-field-id=\"1\"><label class=\"wpforms-field-label\" for=\"wpforms-4999-field_1\">Name <span class=\"wpforms-required-label\">*<\/span><\/label><input type=\"text\" id=\"wpforms-4999-field_1\" class=\"wpforms-field-medium wpforms-field-required\" name=\"wpforms[fields][1]\" required><\/div><div id=\"wpforms-4999-field_2-container\" class=\"wpforms-field wpforms-field-email\" data-field-id=\"2\"><label class=\"wpforms-field-label\" for=\"wpforms-4999-field_2\">Email <span class=\"wpforms-required-label\">*<\/span><\/label><input type=\"email\" id=\"wpforms-4999-field_2\" class=\"wpforms-field-medium wpforms-field-required\" name=\"wpforms[fields][2]\" spellcheck=\"false\" required><\/div><div id=\"wpforms-4999-field_3-container\" class=\"wpforms-field wpforms-field-textarea\" data-field-id=\"3\"><label class=\"wpforms-field-label\" for=\"wpforms-4999-field_3\">Comment or Message<\/label><textarea id=\"wpforms-4999-field_3\" class=\"wpforms-field-medium\" name=\"wpforms[fields][3]\" ><\/textarea><\/div><script>\n\t\t\t\t( function() {\n\t\t\t\t\tconst style = document.createElement( 'style' );\n\t\t\t\t\tstyle.appendChild( document.createTextNode( '#wpforms-4999-field_4-container { position: absolute !important; overflow: hidden !important; display: inline !important; height: 1px !important; width: 1px !important; z-index: -1000 !important; padding: 0 !important; } #wpforms-4999-field_4-container input { visibility: hidden; } #wpforms-conversational-form-page #wpforms-4999-field_4-container label { counter-increment: none; }' ) );\n\t\t\t\t\tdocument.head.appendChild( style );\n\t\t\t\t\tdocument.currentScript?.remove();\n\t\t\t\t} )();\n\t\t\t<\/script><\/div><!-- .wpforms-field-container --><div class=\"wpforms-recaptcha-container wpforms-is-recaptcha wpforms-is-recaptcha-type-v3\" ><input type=\"hidden\" name=\"wpforms[recaptcha]\" value=\"\"><\/div><div class=\"wpforms-submit-container\" ><input type=\"hidden\" name=\"wpforms[id]\" value=\"4999\"><input type=\"hidden\" name=\"page_title\" value=\"\"><input type=\"hidden\" name=\"page_url\" value=\"https:\/\/cartraveldocs.com\/fr\/wp-json\/wp\/v2\/pages\/13\"><input type=\"hidden\" name=\"url_referer\" value=\"\"><button type=\"submit\" name=\"wpforms[submit]\" id=\"wpforms-submit-4999\" class=\"wpforms-submit\" data-alt-text=\"Sending\u2026\" data-submit-text=\"Submit\" aria-live=\"assertive\" value=\"wpforms-submit\">Submit<\/button><img loading=\"lazy\" decoding=\"async\" src=\"https:\/\/cartraveldocs.com\/wp-content\/plugins\/wpforms-lite\/assets\/images\/submit-spin.svg\" class=\"wpforms-submit-spinner\" style=\"display: none;\" width=\"26\" height=\"26\" alt=\"Chargement en cours\"><\/div><\/form><\/div>  <!-- .wpforms-container -->\n\n\n<hr class=\"wp-block-separator has-alpha-channel-opacity\"\/>\n\n\n\n<p>This site is protected by reCAPTCHA and the Google&nbsp;<a href=\"https:\/\/policies.google.com\/privacy\">Privacy Policy<\/a>&nbsp;and&nbsp;<a href=\"https:\/\/policies.google.com\/terms\">Terms of Service<\/a>&nbsp;apply.<\/p>\n\n\n\n<p><\/p>\n","protected":false},"excerpt":{"rendered":"<p>Si vous avez des questions, n'h\u00e9sitez pas \u00e0 nous contacter en remplissant le formulaire ci-dessous. Ce site est prot\u00e9g\u00e9 par reCAPTCHA et les r\u00e8gles Google Privacy Policy et Terms of Service s'appliquent.<\/p>","protected":false},"author":2,"featured_media":0,"parent":0,"menu_order":5,"comment_status":"closed","ping_status":"closed","template":"","meta":{"footnotes":""},"class_list":["post-13","page","type-page","status-publish","hentry"],"yoast_head":"<!-- This site is optimized with the Yoast SEO plugin v27.2 - https:\/\/yoast.com\/product\/yoast-seo-wordpress\/ -->\n<title>Contact | Car Travel Docs<\/title>\n<meta name=\"robots\" content=\"index, follow, max-snippet:-1, max-image-preview:large, max-video-preview:-1\" \/>\n<link rel=\"canonical\" href=\"https:\/\/cartraveldocs.com\/fr\/contactez\/\" \/>\n<meta property=\"og:locale\" content=\"fr_FR\" \/>\n<meta property=\"og:type\" content=\"article\" \/>\n<meta property=\"og:title\" content=\"Contact | Car Travel Docs\" \/>\n<meta property=\"og:description\" content=\"If you have any questions, please feel free to contact us by filling in the form below. This site is protected by reCAPTCHA and the Google&nbsp;Privacy Policy&nbsp;and&nbsp;Terms of Service&nbsp;apply.\" \/>\n<meta property=\"og:url\" content=\"https:\/\/cartraveldocs.com\/fr\/contactez\/\" \/>\n<meta property=\"og:site_name\" content=\"Car Travel Docs\" \/>\n<meta property=\"article:modified_time\" content=\"2025-06-18T11:25:09+00:00\" \/>\n<meta name=\"twitter:label1\" content=\"Dur\u00e9e de lecture estim\u00e9e\" \/>\n\t<meta name=\"twitter:data1\" content=\"1 minute\" \/>\n<script type=\"application\/ld+json\" class=\"yoast-schema-graph\">{\"@context\":\"https:\/\/schema.org\",\"@graph\":[{\"@type\":\"WebPage\",\"@id\":\"https:\/\/cartraveldocs.com\/nl\/contact\/\",\"url\":\"https:\/\/cartraveldocs.com\/nl\/contact\/\",\"name\":\"Contact | Car Travel Docs\",\"isPartOf\":{\"@id\":\"https:\/\/cartraveldocs.com\/#website\"},\"datePublished\":\"2011-08-28T04:57:40+00:00\",\"dateModified\":\"2025-06-18T11:25:09+00:00\",\"breadcrumb\":{\"@id\":\"https:\/\/cartraveldocs.com\/nl\/contact\/#breadcrumb\"},\"inLanguage\":\"fr-FR\",\"potentialAction\":[{\"@type\":\"ReadAction\",\"target\":[\"https:\/\/cartraveldocs.com\/nl\/contact\/\"]}]},{\"@type\":\"BreadcrumbList\",\"@id\":\"https:\/\/cartraveldocs.com\/nl\/contact\/#breadcrumb\",\"itemListElement\":[{\"@type\":\"ListItem\",\"position\":1,\"name\":\"Home\",\"item\":\"https:\/\/cartraveldocs.com\/\"},{\"@type\":\"ListItem\",\"position\":2,\"name\":\"Contact\"}]},{\"@type\":\"WebSite\",\"@id\":\"https:\/\/cartraveldocs.com\/#website\",\"url\":\"https:\/\/cartraveldocs.com\/\",\"name\":\"Car Travel Docs\",\"description\":\"Official European Accident Statement forms\",\"publisher\":{\"@id\":\"https:\/\/cartraveldocs.com\/#organization\"},\"potentialAction\":[{\"@type\":\"SearchAction\",\"target\":{\"@type\":\"EntryPoint\",\"urlTemplate\":\"https:\/\/cartraveldocs.com\/?s={search_term_string}\"},\"query-input\":{\"@type\":\"PropertyValueSpecification\",\"valueRequired\":true,\"valueName\":\"search_term_string\"}}],\"inLanguage\":\"fr-FR\"},{\"@type\":\"Organization\",\"@id\":\"https:\/\/cartraveldocs.com\/#organization\",\"name\":\"Car Travel Docs\",\"url\":\"https:\/\/cartraveldocs.com\/\",\"logo\":{\"@type\":\"ImageObject\",\"inLanguage\":\"fr-FR\",\"@id\":\"https:\/\/cartraveldocs.com\/#\/schema\/logo\/image\/\",\"url\":\"https:\/\/cartraveldocs.com\/wp-content\/uploads\/2024\/02\/cartraveldocs-logo-512x512-1.png\",\"contentUrl\":\"https:\/\/cartraveldocs.com\/wp-content\/uploads\/2024\/02\/cartraveldocs-logo-512x512-1.png\",\"width\":512,\"height\":512,\"caption\":\"Car Travel Docs\"},\"image\":{\"@id\":\"https:\/\/cartraveldocs.com\/#\/schema\/logo\/image\/\"}}]}<\/script>\n<!-- \/ Yoast SEO plugin. -->","yoast_head_json":{"title":"Contact : Car Travel Docs","robots":{"index":"index","follow":"follow","max-snippet":"max-snippet:-1","max-image-preview":"max-image-preview:large","max-video-preview":"max-video-preview:-1"},"canonical":"https:\/\/cartraveldocs.com\/fr\/contactez\/","og_locale":"fr_FR","og_type":"article","og_title":"Contact | Car Travel Docs","og_description":"If you have any questions, please feel free to contact us by filling in the form below. This site is protected by reCAPTCHA and the Google&nbsp;Privacy Policy&nbsp;and&nbsp;Terms of Service&nbsp;apply.","og_url":"https:\/\/cartraveldocs.com\/fr\/contactez\/","og_site_name":"Car Travel Docs","article_modified_time":"2025-06-18T11:25:09+00:00","twitter_misc":{"Dur\u00e9e de lecture estim\u00e9e":"1 minute"},"schema":{"@context":"https:\/\/schema.org","@graph":[{"@type":"WebPage","@id":"https:\/\/cartraveldocs.com\/nl\/contact\/","url":"https:\/\/cartraveldocs.com\/nl\/contact\/","name":"Contact : Car Travel Docs","isPartOf":{"@id":"https:\/\/cartraveldocs.com\/#website"},"datePublished":"2011-08-28T04:57:40+00:00","dateModified":"2025-06-18T11:25:09+00:00","breadcrumb":{"@id":"https:\/\/cartraveldocs.com\/nl\/contact\/#breadcrumb"},"inLanguage":"fr-FR","potentialAction":[{"@type":"ReadAction","target":["https:\/\/cartraveldocs.com\/nl\/contact\/"]}]},{"@type":"BreadcrumbList","@id":"https:\/\/cartraveldocs.com\/nl\/contact\/#breadcrumb","itemListElement":[{"@type":"ListItem","position":1,"name":"Home","item":"https:\/\/cartraveldocs.com\/"},{"@type":"ListItem","position":2,"name":"Contact"}]},{"@type":"WebSite","@id":"https:\/\/cartraveldocs.com\/#website","url":"https:\/\/cartraveldocs.com\/","name":"Car Travel Docs","description":"Formulaires officiels de d\u00e9claration d'accident europ\u00e9en","publisher":{"@id":"https:\/\/cartraveldocs.com\/#organization"},"potentialAction":[{"@type":"SearchAction","target":{"@type":"EntryPoint","urlTemplate":"https:\/\/cartraveldocs.com\/?s={search_term_string}"},"query-input":{"@type":"PropertyValueSpecification","valueRequired":true,"valueName":"search_term_string"}}],"inLanguage":"fr-FR"},{"@type":"Organization","@id":"https:\/\/cartraveldocs.com\/#organization","name":"Car Travel Docs","url":"https:\/\/cartraveldocs.com\/","logo":{"@type":"ImageObject","inLanguage":"fr-FR","@id":"https:\/\/cartraveldocs.com\/#\/schema\/logo\/image\/","url":"https:\/\/cartraveldocs.com\/wp-content\/uploads\/2024\/02\/cartraveldocs-logo-512x512-1.png","contentUrl":"https:\/\/cartraveldocs.com\/wp-content\/uploads\/2024\/02\/cartraveldocs-logo-512x512-1.png","width":512,"height":512,"caption":"Car Travel Docs"},"image":{"@id":"https:\/\/cartraveldocs.com\/#\/schema\/logo\/image\/"}}]}},"_links":{"self":[{"href":"https:\/\/cartraveldocs.com\/fr\/wp-json\/wp\/v2\/pages\/13","targetHints":{"allow":["GET"]}}],"collection":[{"href":"https:\/\/cartraveldocs.com\/fr\/wp-json\/wp\/v2\/pages"}],"about":[{"href":"https:\/\/cartraveldocs.com\/fr\/wp-json\/wp\/v2\/types\/page"}],"author":[{"embeddable":true,"href":"https:\/\/cartraveldocs.com\/fr\/wp-json\/wp\/v2\/users\/2"}],"replies":[{"embeddable":true,"href":"https:\/\/cartraveldocs.com\/fr\/wp-json\/wp\/v2\/comments?post=13"}],"version-history":[{"count":0,"href":"https:\/\/cartraveldocs.com\/fr\/wp-json\/wp\/v2\/pages\/13\/revisions"}],"wp:attachment":[{"href":"https:\/\/cartraveldocs.com\/fr\/wp-json\/wp\/v2\/media?parent=13"}],"curies":[{"name":"wp","href":"https:\/\/api.w.org\/{rel}","templated":true}]}}