{"id":3282,"date":"2024-12-19T15:32:32","date_gmt":"2024-12-19T14:32:32","guid":{"rendered":"https:\/\/cartraveldocs.com\/?page_id=3282"},"modified":"2026-01-11T09:14:50","modified_gmt":"2026-01-11T08:14:50","slug":"essential-items-driving-england","status":"publish","type":"page","link":"https:\/\/cartraveldocs.com\/fr\/essential-items-driving-england\/","title":{"rendered":"Articles essentiels que vous devez avoir pour conduire en Angleterre"},"content":{"rendered":"<p>Voici une liste d\u00e9taill\u00e9e de ce qu'il est obligatoire et facultatif d'avoir dans sa voiture lorsqu'on conduit en Angleterre.<\/p>\n\n\n\n<div class=\"wp-block-group\"><div class=\"wp-block-group__inner-container is-layout-constrained wp-block-group-is-layout-constrained\">\n<!-- WP QUADS v. 3.0.1  Shortcode Ad -->\n<div class=\"quads-location quads-ad3535\" id=\"quads-ad3535\" style=\"float:none;margin:0px;\">\n\n <!-- WP QUADS - Quick AdSense Reloaded v.3.0.1 Content AdSense async --> \n\n<div id=\"quads-ad15-place\" class=\"quads-ll\">\r\n            <ins \r\n                 style=\"display:block; text-align:center;\"\r\n                         data-ad-layout=\"in-article\"\r\n                         data-ad-format=\"fluid\"\r\n                 data-ad-client=\"pub-6293121868082990\"\r\n                 data-ad-slot=\"8210270346\"><span><\/span><\/ins><\/div>\r\n                 <script>\r\n                 instant= new adsenseLoader( '#quads-ad15-place', {\r\n        onLoad: function( ad ){\r\n            if (ad.classList.contains(\"quads-ll\")) {\r\n                ad.classList.remove(\"quads-ll\");\r\n            }\r\n          }   \r\n        });<\/script>\n <!-- end WP QUADS --> \n\n<\/div>\n\n<\/div><\/div>\n\n\n\n<h3 class=\"wp-block-heading\">\u00c9l\u00e9ments obligatoires<\/h3>\n\n\n\n<div class=\"wp-block-columns is-layout-flex wp-container-core-columns-is-layout-9d6595d7 wp-block-columns-is-layout-flex\">\n<div class=\"wp-block-column is-layout-flow wp-block-column-is-layout-flow\" style=\"flex-basis:20%\">\n<div class=\"wp-block-group\"><div class=\"wp-block-group__inner-container is-layout-constrained wp-block-group-is-layout-constrained\">\n<figure class=\"wp-block-image size-full\"><img loading=\"lazy\" decoding=\"async\" width=\"512\" height=\"512\" src=\"https:\/\/cartraveldocs.com\/wp-content\/uploads\/2025\/01\/seat-belt.png\" alt=\"\" class=\"wp-image-3671\" srcset=\"https:\/\/cartraveldocs.com\/wp-content\/uploads\/2025\/01\/seat-belt.png 512w, https:\/\/cartraveldocs.com\/wp-content\/uploads\/2025\/01\/seat-belt-300x300.png 300w, https:\/\/cartraveldocs.com\/wp-content\/uploads\/2025\/01\/seat-belt-100x100.png 100w, https:\/\/cartraveldocs.com\/wp-content\/uploads\/2025\/01\/seat-belt-12x12.png 12w\" sizes=\"auto, (max-width: 512px) 100vw, 512px\" \/><\/figure>\n<\/div><\/div>\n<\/div>\n\n\n\n<div class=\"wp-block-column is-layout-flow wp-block-column-is-layout-flow\" style=\"flex-basis:66.66%\">\n<div class=\"wp-block-group\"><div class=\"wp-block-group__inner-container is-layout-constrained wp-block-group-is-layout-constrained\">\n<p class=\"has-text-align-left\">Ces \u00e9l\u00e9ments sont l\u00e9galement requis pour conduire en Angleterre :<\/p>\n\n\n\n<ul class=\"wp-block-list\">\n<li><strong>Ceintures de s\u00e9curit\u00e9 :<\/strong> Des ceintures de s\u00e9curit\u00e9 fonctionnelles sont n\u00e9cessaires pour tous les passagers de la voiture.<\/li>\n\n\n\n<li class=\"translation-block\"><strong>Permis de conduire valide:<\/strong> Vous devez \u00eatre en possession d'un permis de conduire valide \u00e0 tout moment.<\/li>\n\n\n\n<li><strong>Documents d'immatriculation du v\u00e9hicule :<\/strong> La preuve de l'immatriculation de votre v\u00e9hicule (carnet de bord V5C) doit \u00eatre conserv\u00e9e dans la voiture.<\/li>\n\n\n\n<li><strong>Certificat d'assurance :<\/strong> Vous devez \u00eatre en possession d'une preuve d'assurance automobile valide.<\/li>\n\n\n\n<li><strong>Certificat de contr\u00f4le technique :<\/strong> Le cas \u00e9ch\u00e9ant, votre voiture doit \u00eatre munie d'un certificat de contr\u00f4le technique (minist\u00e8re des transports) en cours de validit\u00e9 pour pouvoir circuler sur la route.<\/li>\n\n\n\n<li><strong>Plaques d'immatriculation :<\/strong> Votre voiture doit avoir des plaques d'immatriculation valides et correctement affich\u00e9es.<\/li>\n\n\n\n<li><strong>Taxe routi\u00e8re :<\/strong> Veillez \u00e0 ce que votre voiture soit tax\u00e9e et conforme \u00e0 toutes les exigences l\u00e9gales en mati\u00e8re d'utilisation de la route.<\/li>\n<\/ul>\n<\/div><\/div>\n<\/div>\n<\/div>\n\n\n\n<div class=\"wp-block-group\"><div class=\"wp-block-group__inner-container is-layout-constrained wp-block-group-is-layout-constrained\">\n<!-- WP QUADS v. 3.0.1  Shortcode Ad -->\n<div class=\"quads-location quads-ad3613\" id=\"quads-ad3613\" style=\"float:none;margin:0px;\">\n\n <!-- WP QUADS - Quick AdSense Reloaded v.3.0.1 Content AdSense async --> \n\n<div id=\"quads-ad17-place\" class=\"quads-ll\">\r\n            <ins \r\n                  style=\"display:block;\"\r\n                          data-ad-format=\"auto\"\r\n                 data-ad-client=\"pub-6293121868082990\"\r\n                 data-ad-slot=\"5322676929\"><span><\/span><\/ins><\/div>\r\n                 <script>\r\n                 instant= new adsenseLoader( '#quads-ad17-place', {\r\n        onLoad: function( ad ){\r\n            if (ad.classList.contains(\"quads-ll\")) {\r\n                ad.classList.remove(\"quads-ll\");\r\n            }\r\n          }   \r\n        });<\/script>\n <!-- end WP QUADS --> \n\n<\/div>\n\n<\/div><\/div>\n\n\n\n<h3 class=\"wp-block-heading\">\u00c9l\u00e9ments facultatifs mais recommand\u00e9s<\/h3>\n\n\n\n<div class=\"wp-block-columns is-layout-flex wp-container-core-columns-is-layout-9d6595d7 wp-block-columns-is-layout-flex\">\n<div class=\"wp-block-column is-layout-flow wp-block-column-is-layout-flow\" style=\"flex-basis:20%\">\n<div class=\"wp-block-group\"><div class=\"wp-block-group__inner-container is-layout-constrained wp-block-group-is-layout-constrained\">\n<figure class=\"wp-block-image size-full\"><img loading=\"lazy\" decoding=\"async\" width=\"512\" height=\"512\" src=\"https:\/\/cartraveldocs.com\/wp-content\/uploads\/2025\/01\/safety-vest-orange.png\" alt=\"\" class=\"wp-image-3637\" srcset=\"https:\/\/cartraveldocs.com\/wp-content\/uploads\/2025\/01\/safety-vest-orange.png 512w, https:\/\/cartraveldocs.com\/wp-content\/uploads\/2025\/01\/safety-vest-orange-300x300.png 300w, https:\/\/cartraveldocs.com\/wp-content\/uploads\/2025\/01\/safety-vest-orange-100x100.png 100w, https:\/\/cartraveldocs.com\/wp-content\/uploads\/2025\/01\/safety-vest-orange-12x12.png 12w\" sizes=\"auto, (max-width: 512px) 100vw, 512px\" \/><\/figure>\n<\/div><\/div>\n<\/div>\n\n\n\n<div class=\"wp-block-column is-layout-flow wp-block-column-is-layout-flow\">\n<div class=\"wp-block-group\"><div class=\"wp-block-group__inner-container is-layout-constrained wp-block-group-is-layout-constrained\">\n<p>Ces \u00e9l\u00e9ments ne sont pas l\u00e9galement obligatoires mais sont fortement recommand\u00e9s pour des raisons de s\u00e9curit\u00e9 et de commodit\u00e9 :<\/p>\n\n\n\n<ul class=\"wp-block-list\">\n<li class=\"translation-block\"><strong>Gilet r\u00e9fl\u00e9chissant:<\/strong> Un <a class=\"thirstylink\" rel=\"nofollow\" target=\"_blank\" title=\"Reflective vest\" href=\"https:\/\/amzn.to\/44mi1jX\" data-linkid=\"4203\">gilet r\u00e9fl\u00e9chissant<\/a> permet d'assurer la visibilit\u00e9 si vous devez laisser votre voiture sur une route tr\u00e8s fr\u00e9quent\u00e9e.<\/li>\n\n\n\n<li class=\"translation-block\"><strong>D\u00e9claration europ\u00e9enne d'accident:<\/strong> T\u00e9l\u00e9chargez <a href=\"https:\/\/cartraveldocs.com\/fr\/constat-amiable-daccident-automobile-anglais\/\" target=\"_self\">ici<\/a> la version anglaise de ce document.<\/li>\n\n\n\n<li class=\"translation-block\"><strong>Trousse de premiers secours:<\/strong> Avoir une <a class=\"thirstylink\" rel=\"nofollow\" target=\"_blank\" title=\"First aid kit\" href=\"https:\/\/amzn.to\/4iP7u48\" data-linkid=\"4201\">trousse de premiers secours<\/a> de base peut s'av\u00e9rer utile en cas de blessures mineures ou d'urgences.<\/li>\n\n\n\n<li class=\"translation-block\"><strong>Triangle d'avertissement:<\/strong> Bien qu'il ne soit pas obligatoire en Angleterre, il est recommand\u00e9 d'avoir un <a class=\"thirstylink\" rel=\"nofollow\" target=\"_blank\" title=\"Warning triangle\" href=\"https:\/\/amzn.to\/4jG7BjL\" data-linkid=\"4202\">triangle d'avertissement<\/a> en cas de panne.<\/li>\n\n\n\n<li><strong>Ampoules et fusibles de rechange :<\/strong> Il peut \u00eatre utile d'emporter des ampoules et des fusibles de rechange en cas de d\u00e9faillance de l'\u00e9clairage.<\/li>\n\n\n\n<li><strong>C\u00e2bles de liaison :<\/strong> Ils peuvent vous aider \u00e0 red\u00e9marrer votre v\u00e9hicule si la batterie est d\u00e9charg\u00e9e.<\/li>\n\n\n\n<li><strong>Corde de remorquage :<\/strong> Utile pour remorquer votre voiture ou aider d'autres personnes en cas de panne.<\/li>\n\n\n\n<li class=\"translation-block\"><strong>Extincteur de feu:<\/strong> Bien que cela ne soit pas obligatoire, il est conseill\u00e9 d'avoir sur soi un <a class=\"thirstylink\" rel=\"nofollow\" target=\"_blank\" title=\"Extincteur de feu\" href=\"https:\/\/amzn.to\/433tnH5\" data-linkid=\"4199\">extincteur de feu<\/a>.<\/li>\n<\/ul>\n<\/div><\/div>\n<\/div>\n<\/div>\n\n\n\n<div class=\"wp-block-group\"><div class=\"wp-block-group__inner-container is-layout-constrained wp-block-group-is-layout-constrained\">\n<!-- WP QUADS v. 3.0.1  Shortcode Ad -->\n<div class=\"quads-location quads-ad3612\" id=\"quads-ad3612\" style=\"float:none;margin:0px;\">\n\n <!-- WP QUADS - Quick AdSense Reloaded v.3.0.1 Content AdSense async --> \n\n<div id=\"quads-ad16-place\" class=\"quads-ll\">\r\n            <ins \r\n                 style=\"display:block; text-align:center;\"\r\n                         data-ad-layout=\"in-article\"\r\n                         data-ad-format=\"fluid\"\r\n                 data-ad-client=\"pub-6293121868082990\"\r\n                 data-ad-slot=\"9383250208\"><span><\/span><\/ins><\/div>\r\n                 <script>\r\n                 instant= new adsenseLoader( '#quads-ad16-place', {\r\n        onLoad: function( ad ){\r\n            if (ad.classList.contains(\"quads-ll\")) {\r\n                ad.classList.remove(\"quads-ll\");\r\n            }\r\n          }   \r\n        });<\/script>\n <!-- end WP QUADS --> \n\n<\/div>\n\n<\/div><\/div>\n\n\n\n<h3 class=\"wp-block-heading\">\u00c9l\u00e9ments suppl\u00e9mentaires<\/h3>\n\n\n\n<div class=\"wp-block-columns is-layout-flex wp-container-core-columns-is-layout-9d6595d7 wp-block-columns-is-layout-flex\">\n<div class=\"wp-block-column is-layout-flow wp-block-column-is-layout-flow\" style=\"flex-basis:20%\">\n<div class=\"wp-block-group\"><div class=\"wp-block-group__inner-container is-layout-constrained wp-block-group-is-layout-constrained\">\n<figure class=\"wp-block-image size-full\"><img loading=\"lazy\" decoding=\"async\" width=\"512\" height=\"512\" src=\"https:\/\/cartraveldocs.com\/wp-content\/uploads\/2025\/01\/flashlight.png\" alt=\"\" class=\"wp-image-3592\" srcset=\"https:\/\/cartraveldocs.com\/wp-content\/uploads\/2025\/01\/flashlight.png 512w, https:\/\/cartraveldocs.com\/wp-content\/uploads\/2025\/01\/flashlight-300x300.png 300w, https:\/\/cartraveldocs.com\/wp-content\/uploads\/2025\/01\/flashlight-100x100.png 100w, https:\/\/cartraveldocs.com\/wp-content\/uploads\/2025\/01\/flashlight-12x12.png 12w\" sizes=\"auto, (max-width: 512px) 100vw, 512px\" \/><\/figure>\n<\/div><\/div>\n<\/div>\n\n\n\n<div class=\"wp-block-column is-layout-flow wp-block-column-is-layout-flow\">\n<div class=\"wp-block-group\"><div class=\"wp-block-group__inner-container is-layout-constrained wp-block-group-is-layout-constrained\">\n<p>Ces \u00e9l\u00e9ments ne sont pas exig\u00e9s par la loi mais peuvent \u00eatre utiles dans des situations sp\u00e9cifiques ou pour plus de confort :<\/p>\n\n\n\n<ul class=\"wp-block-list\">\n<li><strong>Lampe de poche :<\/strong> Une lampe de poche peut \u00eatre utile en cas de panne nocturne ou d'urgence.<\/li>\n\n\n\n<li><strong>Chargeur de t\u00e9l\u00e9phone portable :<\/strong> Permet de recharger votre t\u00e9l\u00e9phone pour la navigation ou les urgences.<\/li>\n\n\n\n<li><strong>Eau et collations :<\/strong> Important pour les longs trajets ou les retards impr\u00e9vus.<\/li>\n\n\n\n<li><strong>Cartes routi\u00e8res ou appareils de navigation :<\/strong> Utile dans les zones o\u00f9 le signal GPS est faible ou comme solution de secours.<\/li>\n\n\n\n<li><strong>Cha\u00eenes \u00e0 neige ou pneus d'hiver :<\/strong> Rarement n\u00e9cessaire, mais utile dans des conditions hivernales extr\u00eames ou dans des zones recul\u00e9es.<\/li>\n\n\n\n<li><strong>Protection solaire :<\/strong> Des articles tels que des lunettes de soleil et de la cr\u00e8me solaire peuvent contribuer \u00e0 am\u00e9liorer le confort en cas d'ensoleillement.<\/li>\n<\/ul>\n<\/div><\/div>\n<\/div>\n<\/div>\n\n\n\n<h3 class=\"wp-block-heading\">Exigences dans d'autres pays<\/h3>\n\n\n\n<p>Chaque pays a sa propre liste d'articles requis pour les v\u00e9hicules, et il est essentiel de rester inform\u00e9. Il vous suffit de cliquer sur le lien correspondant ci-dessous pour trouver les informations dont vous avez besoin pour votre destination. Chaque page fournit un guide complet avec des descriptions d\u00e9taill\u00e9es des \u00e9l\u00e9ments obligatoires et facultatifs pour chaque pays.<\/p>\n\n\n\n<div class=\"wp-block-columns is-layout-flex wp-container-core-columns-is-layout-9d6595d7 wp-block-columns-is-layout-flex\">\n<div class=\"wp-block-column is-layout-flow wp-block-column-is-layout-flow\">\n<ul class=\"wp-block-list\">\n<li><a href=\"https:\/\/cartraveldocs.com\/fr\/articles-essentiels-conduire-autriche\/\">Autriche<\/a><\/li>\n\n\n\n<li><a href=\"https:\/\/cartraveldocs.com\/fr\/articles-essentiels-conduire-croatie\/\">Croatie<\/a><\/li>\n\n\n\n<li><a href=\"https:\/\/cartraveldocs.com\/fr\/essential-items-driving-england\/\">Angleterre<\/a><\/li>\n\n\n\n<li><a href=\"https:\/\/cartraveldocs.com\/fr\/articles-essentiels-conduire-france\/\">France<\/a><\/li>\n\n\n\n<li><a href=\"https:\/\/cartraveldocs.com\/fr\/articles-essentiels-conduire-allemagne\/\">Allemagne<\/a><\/li>\n<\/ul>\n<\/div>\n\n\n\n<div class=\"wp-block-column is-layout-flow wp-block-column-is-layout-flow\">\n<ul class=\"wp-block-list\">\n<li><a href=\"https:\/\/cartraveldocs.com\/fr\/articles-essentiels-conduire-italie\/\">Italie<\/a><\/li>\n\n\n\n<li><a href=\"https:\/\/cartraveldocs.com\/fr\/articles-essentiels-conduire-pays-bas\/\">Pays-Bas<\/a><\/li>\n\n\n\n<li><a href=\"https:\/\/cartraveldocs.com\/fr\/articles-essentiels-conduire-pologne\/\">Pologne<\/a><\/li>\n\n\n\n<li><a href=\"https:\/\/cartraveldocs.com\/fr\/articles-essentiels-conduire-portugal\/\">Portugal<\/a><\/li>\n\n\n\n<li><a href=\"https:\/\/cartraveldocs.com\/fr\/articles-essentiels-conduire-espagne\/\">Espagne<\/a><\/li>\n<\/ul>\n<\/div>\n<\/div>\n\n\n\n<hr class=\"wp-block-separator has-alpha-channel-opacity\"\/>\n\n\n\n<h4 class=\"wp-block-heading\">Clause de non-responsabilit\u00e9<\/h4>\n\n\n\n<p>En tant qu'associ\u00e9 d'Amazon, je gagne de l'argent sur les achats qualifi\u00e9s. Certains liens sur ce site sont des liens affili\u00e9s. Si vous effectuez un achat par leur interm\u00e9diaire, je peux percevoir une petite commission sans frais suppl\u00e9mentaires pour vous. Je ne recommande que des produits ou des services dont je pense qu'ils peuvent vous \u00eatre utiles.<\/p>\n\n\n\n<p>Les informations fournies le sont \u00e0 titre indicatif et peuvent \u00eatre modifi\u00e9es. V\u00e9rifiez les exigences l\u00e9gales aupr\u00e8s de sources officielles avant de voyager. Car Travel Docs n'est pas responsable des inexactitudes ou des informations obsol\u00e8tes.<\/p>","protected":false},"excerpt":{"rendered":"<p>Here\u2019s a detailed breakdown of what is mandatory and optional to have in your car while driving in England. Mandatory items These items are legally required when driving in England: Optional but recommended items These items are not legally required but are highly recommended for safety and convenience: Additional items These items are not required [&hellip;]<\/p>\n","protected":false},"author":2,"featured_media":0,"parent":0,"menu_order":0,"comment_status":"closed","ping_status":"closed","template":"","meta":{"footnotes":""},"class_list":["post-3282","page","type-page","status-publish","hentry"],"yoast_head":"<!-- This site is optimized with the Yoast SEO plugin v27.2 - https:\/\/yoast.com\/product\/yoast-seo-wordpress\/ -->\n<title>Essential items you must have for driving in England | Car Travel Docs<\/title>\n<meta name=\"description\" content=\"Discover what is mandatory and optional to carry in your car while driving in England, ensuring safety and compliance on the road.\" \/>\n<meta name=\"robots\" content=\"index, follow, max-snippet:-1, max-image-preview:large, max-video-preview:-1\" \/>\n<link rel=\"canonical\" href=\"https:\/\/cartraveldocs.com\/fr\/essential-items-driving-england\/\" \/>\n<meta property=\"og:locale\" content=\"fr_FR\" \/>\n<meta property=\"og:type\" content=\"article\" \/>\n<meta property=\"og:title\" content=\"Essential items you must have for driving in England | Car Travel Docs\" \/>\n<meta property=\"og:description\" content=\"Discover what is mandatory and optional to carry in your car while driving in England, ensuring safety and compliance on the road.\" \/>\n<meta property=\"og:url\" content=\"https:\/\/cartraveldocs.com\/fr\/essential-items-driving-england\/\" \/>\n<meta property=\"og:site_name\" content=\"Car Travel Docs\" \/>\n<meta property=\"article:modified_time\" content=\"2026-01-11T08:14:50+00:00\" \/>\n<meta property=\"og:image\" content=\"https:\/\/cartraveldocs.com\/wp-content\/uploads\/2025\/01\/seat-belt.png\" \/>\n\t<meta property=\"og:image:width\" content=\"512\" \/>\n\t<meta property=\"og:image:height\" content=\"512\" \/>\n\t<meta property=\"og:image:type\" content=\"image\/png\" \/>\n<meta name=\"twitter:label1\" content=\"Dur\u00e9e de lecture estim\u00e9e\" \/>\n\t<meta name=\"twitter:data1\" content=\"3 minutes\" \/>\n<script type=\"application\/ld+json\" class=\"yoast-schema-graph\">{\"@context\":\"https:\/\/schema.org\",\"@graph\":[{\"@type\":\"WebPage\",\"@id\":\"https:\/\/cartraveldocs.com\/essential-items-driving-england\/\",\"url\":\"https:\/\/cartraveldocs.com\/essential-items-driving-england\/\",\"name\":\"Essential items you must have for driving in England | Car Travel Docs\",\"isPartOf\":{\"@id\":\"https:\/\/cartraveldocs.com\/#website\"},\"primaryImageOfPage\":{\"@id\":\"https:\/\/cartraveldocs.com\/essential-items-driving-england\/#primaryimage\"},\"image\":{\"@id\":\"https:\/\/cartraveldocs.com\/essential-items-driving-england\/#primaryimage\"},\"thumbnailUrl\":\"https:\/\/cartraveldocs.com\/wp-content\/uploads\/2025\/01\/seat-belt.png\",\"datePublished\":\"2024-12-19T14:32:32+00:00\",\"dateModified\":\"2026-01-11T08:14:50+00:00\",\"description\":\"Discover what is mandatory and optional to carry in your car while driving in England, ensuring safety and compliance on the road.\",\"breadcrumb\":{\"@id\":\"https:\/\/cartraveldocs.com\/essential-items-driving-england\/#breadcrumb\"},\"inLanguage\":\"fr-FR\",\"potentialAction\":[{\"@type\":\"ReadAction\",\"target\":[\"https:\/\/cartraveldocs.com\/essential-items-driving-england\/\"]}]},{\"@type\":\"ImageObject\",\"inLanguage\":\"fr-FR\",\"@id\":\"https:\/\/cartraveldocs.com\/essential-items-driving-england\/#primaryimage\",\"url\":\"https:\/\/cartraveldocs.com\/wp-content\/uploads\/2025\/01\/seat-belt.png\",\"contentUrl\":\"https:\/\/cartraveldocs.com\/wp-content\/uploads\/2025\/01\/seat-belt.png\"},{\"@type\":\"BreadcrumbList\",\"@id\":\"https:\/\/cartraveldocs.com\/essential-items-driving-england\/#breadcrumb\",\"itemListElement\":[{\"@type\":\"ListItem\",\"position\":1,\"name\":\"Home\",\"item\":\"https:\/\/cartraveldocs.com\/\"},{\"@type\":\"ListItem\",\"position\":2,\"name\":\"Essential items you must have for driving in England\"}]},{\"@type\":\"WebSite\",\"@id\":\"https:\/\/cartraveldocs.com\/#website\",\"url\":\"https:\/\/cartraveldocs.com\/\",\"name\":\"Car Travel Docs\",\"description\":\"Official European Accident Statement forms\",\"publisher\":{\"@id\":\"https:\/\/cartraveldocs.com\/#organization\"},\"potentialAction\":[{\"@type\":\"SearchAction\",\"target\":{\"@type\":\"EntryPoint\",\"urlTemplate\":\"https:\/\/cartraveldocs.com\/?s={search_term_string}\"},\"query-input\":{\"@type\":\"PropertyValueSpecification\",\"valueRequired\":true,\"valueName\":\"search_term_string\"}}],\"inLanguage\":\"fr-FR\"},{\"@type\":\"Organization\",\"@id\":\"https:\/\/cartraveldocs.com\/#organization\",\"name\":\"Car Travel Docs\",\"url\":\"https:\/\/cartraveldocs.com\/\",\"logo\":{\"@type\":\"ImageObject\",\"inLanguage\":\"fr-FR\",\"@id\":\"https:\/\/cartraveldocs.com\/#\/schema\/logo\/image\/\",\"url\":\"https:\/\/cartraveldocs.com\/wp-content\/uploads\/2024\/02\/cartraveldocs-logo-512x512-1.png\",\"contentUrl\":\"https:\/\/cartraveldocs.com\/wp-content\/uploads\/2024\/02\/cartraveldocs-logo-512x512-1.png\",\"width\":512,\"height\":512,\"caption\":\"Car Travel Docs\"},\"image\":{\"@id\":\"https:\/\/cartraveldocs.com\/#\/schema\/logo\/image\/\"}}]}<\/script>\n<!-- \/ Yoast SEO plugin. -->","yoast_head_json":{"title":"Objets indispensables pour conduire en Angleterre | Car Travel Docs","description":"D\u00e9couvrez ce qu'il est obligatoire et facultatif de transporter dans votre voiture lorsque vous conduisez en Angleterre, afin de garantir la s\u00e9curit\u00e9 et le respect des r\u00e8gles sur la route.","robots":{"index":"index","follow":"follow","max-snippet":"max-snippet:-1","max-image-preview":"max-image-preview:large","max-video-preview":"max-video-preview:-1"},"canonical":"https:\/\/cartraveldocs.com\/fr\/essential-items-driving-england\/","og_locale":"fr_FR","og_type":"article","og_title":"Essential items you must have for driving in England | Car Travel Docs","og_description":"Discover what is mandatory and optional to carry in your car while driving in England, ensuring safety and compliance on the road.","og_url":"https:\/\/cartraveldocs.com\/fr\/essential-items-driving-england\/","og_site_name":"Car Travel Docs","article_modified_time":"2026-01-11T08:14:50+00:00","og_image":[{"width":512,"height":512,"url":"https:\/\/cartraveldocs.com\/wp-content\/uploads\/2025\/01\/seat-belt.png","type":"image\/png"}],"twitter_misc":{"Dur\u00e9e de lecture estim\u00e9e":"3 minutes"},"schema":{"@context":"https:\/\/schema.org","@graph":[{"@type":"WebPage","@id":"https:\/\/cartraveldocs.com\/essential-items-driving-england\/","url":"https:\/\/cartraveldocs.com\/essential-items-driving-england\/","name":"Objets indispensables pour conduire en Angleterre | Car Travel Docs","isPartOf":{"@id":"https:\/\/cartraveldocs.com\/#website"},"primaryImageOfPage":{"@id":"https:\/\/cartraveldocs.com\/essential-items-driving-england\/#primaryimage"},"image":{"@id":"https:\/\/cartraveldocs.com\/essential-items-driving-england\/#primaryimage"},"thumbnailUrl":"https:\/\/cartraveldocs.com\/wp-content\/uploads\/2025\/01\/seat-belt.png","datePublished":"2024-12-19T14:32:32+00:00","dateModified":"2026-01-11T08:14:50+00:00","description":"D\u00e9couvrez ce qu'il est obligatoire et facultatif de transporter dans votre voiture lorsque vous conduisez en Angleterre, afin de garantir la s\u00e9curit\u00e9 et le respect des r\u00e8gles sur la route.","breadcrumb":{"@id":"https:\/\/cartraveldocs.com\/essential-items-driving-england\/#breadcrumb"},"inLanguage":"fr-FR","potentialAction":[{"@type":"ReadAction","target":["https:\/\/cartraveldocs.com\/essential-items-driving-england\/"]}]},{"@type":"ImageObject","inLanguage":"fr-FR","@id":"https:\/\/cartraveldocs.com\/essential-items-driving-england\/#primaryimage","url":"https:\/\/cartraveldocs.com\/wp-content\/uploads\/2025\/01\/seat-belt.png","contentUrl":"https:\/\/cartraveldocs.com\/wp-content\/uploads\/2025\/01\/seat-belt.png"},{"@type":"BreadcrumbList","@id":"https:\/\/cartraveldocs.com\/essential-items-driving-england\/#breadcrumb","itemListElement":[{"@type":"ListItem","position":1,"name":"Home","item":"https:\/\/cartraveldocs.com\/"},{"@type":"ListItem","position":2,"name":"Essential items you must have for driving in England"}]},{"@type":"WebSite","@id":"https:\/\/cartraveldocs.com\/#website","url":"https:\/\/cartraveldocs.com\/","name":"Car Travel Docs","description":"Formulaires officiels de d\u00e9claration d'accident europ\u00e9en","publisher":{"@id":"https:\/\/cartraveldocs.com\/#organization"},"potentialAction":[{"@type":"SearchAction","target":{"@type":"EntryPoint","urlTemplate":"https:\/\/cartraveldocs.com\/?s={search_term_string}"},"query-input":{"@type":"PropertyValueSpecification","valueRequired":true,"valueName":"search_term_string"}}],"inLanguage":"fr-FR"},{"@type":"Organization","@id":"https:\/\/cartraveldocs.com\/#organization","name":"Car Travel Docs","url":"https:\/\/cartraveldocs.com\/","logo":{"@type":"ImageObject","inLanguage":"fr-FR","@id":"https:\/\/cartraveldocs.com\/#\/schema\/logo\/image\/","url":"https:\/\/cartraveldocs.com\/wp-content\/uploads\/2024\/02\/cartraveldocs-logo-512x512-1.png","contentUrl":"https:\/\/cartraveldocs.com\/wp-content\/uploads\/2024\/02\/cartraveldocs-logo-512x512-1.png","width":512,"height":512,"caption":"Car Travel Docs"},"image":{"@id":"https:\/\/cartraveldocs.com\/#\/schema\/logo\/image\/"}}]}},"_links":{"self":[{"href":"https:\/\/cartraveldocs.com\/fr\/wp-json\/wp\/v2\/pages\/3282","targetHints":{"allow":["GET"]}}],"collection":[{"href":"https:\/\/cartraveldocs.com\/fr\/wp-json\/wp\/v2\/pages"}],"about":[{"href":"https:\/\/cartraveldocs.com\/fr\/wp-json\/wp\/v2\/types\/page"}],"author":[{"embeddable":true,"href":"https:\/\/cartraveldocs.com\/fr\/wp-json\/wp\/v2\/users\/2"}],"replies":[{"embeddable":true,"href":"https:\/\/cartraveldocs.com\/fr\/wp-json\/wp\/v2\/comments?post=3282"}],"version-history":[{"count":0,"href":"https:\/\/cartraveldocs.com\/fr\/wp-json\/wp\/v2\/pages\/3282\/revisions"}],"wp:attachment":[{"href":"https:\/\/cartraveldocs.com\/fr\/wp-json\/wp\/v2\/media?parent=3282"}],"curies":[{"name":"wp","href":"https:\/\/api.w.org\/{rel}","templated":true}]}}